{"id":18477,"date":"2023-02-05T15:06:30","date_gmt":"2023-02-05T14:06:30","guid":{"rendered":"http:\/\/strandborgholm.juliet.utvecklingswebb.se\/?page_id=18477"},"modified":"2023-03-02T14:42:06","modified_gmt":"2023-03-02T13:42:06","slug":"norlandia-hotel-group","status":"publish","type":"page","link":"https:\/\/strandborgholm.se\/da\/om-oss\/norlandia-hotel-group\/","title":{"rendered":"Norlandia Hotel Group"},"content":{"rendered":"\t\t<div data-elementor-type=\"wp-page\" data-elementor-id=\"18477\" class=\"elementor elementor-18477\" data-elementor-post-type=\"page\">\n\t\t\t\t\t\t<header data-dce-background-overlay-color=\"#18191A00\" class=\"elementor-section elementor-top-section elementor-element elementor-element-0ea1b32 elementor-section-items-stretch elementor-section-height-min-height elementor-section-boxed elementor-section-height-default\" data-id=\"0ea1b32\" data-element_type=\"section\" data-settings=\"{&quot;background_background&quot;:&quot;slideshow&quot;,&quot;background_slideshow_gallery&quot;:[{&quot;id&quot;:18311,&quot;url&quot;:&quot;https:\\\/\\\/strandborgholm.se\\\/wp-content\\\/uploads\\\/2023\\\/02\\\/strandborgholm-konferens-braattveta.jpg&quot;}],&quot;background_slideshow_loop&quot;:&quot;yes&quot;,&quot;background_slideshow_slide_duration&quot;:5000,&quot;background_slideshow_slide_transition&quot;:&quot;fade&quot;,&quot;background_slideshow_transition_duration&quot;:500}\">\n\t\t\t\t\t\t\t<div class=\"elementor-background-overlay\"><\/div>\n\t\t\t\t\t\t\t<div class=\"elementor-container elementor-column-gap-default\">\n\t\t\t\t\t<div class=\"elementor-column elementor-col-100 elementor-top-column elementor-element elementor-element-7d849a1\" data-id=\"7d849a1\" data-element_type=\"column\">\n\t\t\t<div class=\"elementor-widget-wrap elementor-element-populated\">\n\t\t\t\t\t\t<section class=\"elementor-section elementor-inner-section elementor-element elementor-element-b039afb elementor-section-boxed elementor-section-height-default elementor-section-height-default\" data-id=\"b039afb\" data-element_type=\"section\" data-settings=\"{&quot;background_background&quot;:&quot;video&quot;}\">\n\t\t\t\t\t\t<div class=\"elementor-container elementor-column-gap-default\">\n\t\t\t\t\t<div class=\"elementor-column elementor-col-100 elementor-inner-column elementor-element elementor-element-49feca8\" data-id=\"49feca8\" data-element_type=\"column\">\n\t\t\t<div class=\"elementor-widget-wrap elementor-element-populated\">\n\t\t\t\t\t\t<div class=\"elementor-element elementor-element-4b46676 elementor-widget elementor-widget-heading\" data-id=\"4b46676\" data-element_type=\"widget\" data-widget_type=\"heading.default\">\n\t\t\t\t<div class=\"elementor-widget-container\">\n\t\t\t\t\t<h5 class=\"elementor-heading-title elementor-size-default\">Om oss<\/h5>\t\t\t\t<\/div>\n\t\t\t\t<\/div>\n\t\t\t\t<div class=\"elementor-element elementor-element-32cecc6 elementor-widget elementor-widget-heading\" data-id=\"32cecc6\" data-element_type=\"widget\" data-widget_type=\"heading.default\">\n\t\t\t\t<div class=\"elementor-widget-container\">\n\t\t\t\t\t<h1 class=\"elementor-heading-title elementor-size-default\">Norlandia Hotel Group<\/h1>\t\t\t\t<\/div>\n\t\t\t\t<\/div>\n\t\t\t\t\t<\/div>\n\t\t<\/div>\n\t\t\t\t\t<\/div>\n\t\t<\/section>\n\t\t\t\t\t<\/div>\n\t\t<\/div>\n\t\t\t\t\t<\/div>\n\t\t<\/header>\n\t\t\t\t<section data-dce-background-color=\"#EEECE8\" class=\"elementor-section elementor-top-section elementor-element elementor-element-0e64e9e elementor-section-full_width elementor-section-height-default elementor-section-height-default\" data-id=\"0e64e9e\" data-element_type=\"section\" data-settings=\"{&quot;background_background&quot;:&quot;classic&quot;}\">\n\t\t\t\t\t\t<div class=\"elementor-container elementor-column-gap-default\">\n\t\t\t\t\t<div class=\"elementor-column elementor-col-100 elementor-top-column elementor-element elementor-element-532b478\" data-id=\"532b478\" data-element_type=\"column\" data-settings=\"{&quot;background_background&quot;:&quot;classic&quot;}\">\n\t\t\t<div class=\"elementor-widget-wrap elementor-element-populated\">\n\t\t\t\t\t\t<section data-dce-background-color=\"#FFFFFF\" class=\"elementor-section elementor-inner-section elementor-element elementor-element-20187b4 elementor-section-boxed elementor-section-height-default elementor-section-height-default\" data-id=\"20187b4\" data-element_type=\"section\" data-settings=\"{&quot;background_background&quot;:&quot;classic&quot;}\">\n\t\t\t\t\t\t<div class=\"elementor-container elementor-column-gap-default\">\n\t\t\t\t\t<div class=\"elementor-column elementor-col-100 elementor-inner-column elementor-element elementor-element-a7ed1d3\" data-id=\"a7ed1d3\" data-element_type=\"column\">\n\t\t\t<div class=\"elementor-widget-wrap elementor-element-populated\">\n\t\t\t\t\t\t<div class=\"elementor-element elementor-element-767b344 elementor-widget elementor-widget-text-editor\" data-id=\"767b344\" data-element_type=\"widget\" data-widget_type=\"text-editor.default\">\n\t\t\t\t<div class=\"elementor-widget-container\">\n\t\t\t\t\t\t\t\t\t<div class=\"fusion-layout-column fusion_builder_column fusion-builder-column-1 fusion_builder_column_1_2 1_2 fusion-one-half fusion-column-first\"><div class=\"fusion-column-wrapper fusion-flex-column-wrapper-legacy\"><div class=\"fusion-text fusion-text-2\"><p>Strand Borgholm \u00e4r en del i Norlandia Hotel Group, som \u00e4r ett norskt hotell management bolag vars aff\u00e4rsid\u00e9 \u00e4r bl.a. multi branding. Norlandia driver ca 25 i hotell i Norge och Sverige under olika varum\u00e4rken. De varum\u00e4rken som Norlandia opererar med \u00e4r Best Western, First Hotels, Comfort, Thon Hotels, Rezidor, Scandic, Tanum Strand, Ronneby Brunn, Geilo och Strand Hotell Borgholm.<\/p><p><a href=\"http:\/\/norlandiahotelgroup.no\/\">Norlandiahotelgroup.no<\/a>\u00a0\u00e4r en del i\u00a0<a href=\"http:\/\/adolfsen.com\/\">Adolfsen.com<\/a><\/p><\/div><\/div><\/div>\t\t\t\t\t\t\t\t<\/div>\n\t\t\t\t<\/div>\n\t\t\t\t\t<\/div>\n\t\t<\/div>\n\t\t\t\t\t<\/div>\n\t\t<\/section>\n\t\t\t\t\t<\/div>\n\t\t<\/div>\n\t\t\t\t\t<\/div>\n\t\t<\/section>\n\t\t\t\t<section class=\"elementor-section elementor-top-section elementor-element elementor-element-f1542c0 elementor-section-height-min-height elementor-section-boxed elementor-section-height-default elementor-section-items-middle\" data-id=\"f1542c0\" data-element_type=\"section\" data-settings=\"{&quot;background_background&quot;:&quot;classic&quot;}\">\n\t\t\t\t\t\t<div class=\"elementor-container elementor-column-gap-default\">\n\t\t\t\t\t<div data-dce-background-image-url=\"https:\/\/strandborgholm.se\/wp-content\/uploads\/2023\/01\/3000x1200-strand-monster.png\" class=\"elementor-column elementor-col-100 elementor-top-column elementor-element elementor-element-b5559d3 elementor-invisible\" data-id=\"b5559d3\" data-element_type=\"column\" data-settings=\"{&quot;background_background&quot;:&quot;classic&quot;,&quot;animation&quot;:&quot;bounceInUp&quot;,&quot;animation_delay&quot;:100}\">\n\t\t\t<div class=\"elementor-widget-wrap elementor-element-populated\">\n\t\t\t\t\t\t<section class=\"elementor-section elementor-inner-section elementor-element elementor-element-50fb062 elementor-section-boxed elementor-section-height-default elementor-section-height-default\" data-id=\"50fb062\" data-element_type=\"section\">\n\t\t\t\t\t\t<div class=\"elementor-container elementor-column-gap-default\">\n\t\t\t\t\t<div class=\"elementor-column elementor-col-50 elementor-inner-column elementor-element elementor-element-aadc169\" data-id=\"aadc169\" data-element_type=\"column\">\n\t\t\t<div class=\"elementor-widget-wrap elementor-element-populated\">\n\t\t\t\t\t\t<div class=\"elementor-element elementor-element-a9ffa6a elementor-widget elementor-widget-heading\" data-id=\"a9ffa6a\" data-element_type=\"widget\" data-widget_type=\"heading.default\">\n\t\t\t\t<div class=\"elementor-widget-container\">\n\t\t\t\t\t<h5 class=\"elementor-heading-title elementor-size-default\">KUNDKLUBB<\/h5>\t\t\t\t<\/div>\n\t\t\t\t<\/div>\n\t\t\t\t<div class=\"elementor-element elementor-element-c127d18 elementor-widget elementor-widget-heading\" data-id=\"c127d18\" data-element_type=\"widget\" data-widget_type=\"heading.default\">\n\t\t\t\t<div class=\"elementor-widget-container\">\n\t\t\t\t\t<h3 class=\"elementor-heading-title elementor-size-default\">Strand Borgholm Member<\/h3>\t\t\t\t<\/div>\n\t\t\t\t<\/div>\n\t\t\t\t<div class=\"elementor-element elementor-element-a2fe4d9 elementor-widget elementor-widget-text-editor\" data-id=\"a2fe4d9\" data-element_type=\"widget\" data-widget_type=\"text-editor.default\">\n\t\t\t\t<div class=\"elementor-widget-container\">\n\t\t\t\t\t\t\t\t\t<p>G\u00e5 med i v\u00e5r kundklubb och f\u00e5 exklusiva erbjudanden och bonusar.<br \/>L\u00e4s mer om hur vi behandlar din data <a href=\"https:\/\/strandborgholm.se\/om-oss\/gdpr\/\">h\u00e4r<\/a>.<\/p>\t\t\t\t\t\t\t\t<\/div>\n\t\t\t\t<\/div>\n\t\t\t\t<div class=\"elementor-element elementor-element-e549bf7 elementor-align-left elementor-widget elementor-widget-button\" data-id=\"e549bf7\" data-element_type=\"widget\" data-widget_type=\"button.default\">\n\t\t\t\t<div class=\"elementor-widget-container\">\n\t\t\t\t\t\t\t\t\t<div class=\"elementor-button-wrapper\">\n\t\t\t\t\t<a class=\"elementor-button elementor-button-link elementor-size-sm\" href=\"https:\/\/strandborgholm.se\/da\/kundklubb\/\">\n\t\t\t\t\t\t<span class=\"elementor-button-content-wrapper\">\n\t\t\t\t\t\t\t\t\t<span class=\"elementor-button-text\">G\u00e5 med nu<\/span>\n\t\t\t\t\t<\/span>\n\t\t\t\t\t<\/a>\n\t\t\t\t<\/div>\n\t\t\t\t\t\t\t\t<\/div>\n\t\t\t\t<\/div>\n\t\t\t\t\t<\/div>\n\t\t<\/div>\n\t\t\t\t<div class=\"elementor-column elementor-col-50 elementor-inner-column elementor-element elementor-element-47c7408 elementor-hidden-tablet elementor-hidden-mobile\" data-id=\"47c7408\" data-element_type=\"column\">\n\t\t\t<div class=\"elementor-widget-wrap elementor-element-populated\">\n\t\t\t\t\t\t<div class=\"elementor-element elementor-element-6cefcb1 elementor-widget elementor-widget-spacer\" data-id=\"6cefcb1\" data-element_type=\"widget\" data-widget_type=\"spacer.default\">\n\t\t\t\t<div class=\"elementor-widget-container\">\n\t\t\t\t\t\t\t<div class=\"elementor-spacer\">\n\t\t\t<div class=\"elementor-spacer-inner\"><\/div>\n\t\t<\/div>\n\t\t\t\t\t\t<\/div>\n\t\t\t\t<\/div>\n\t\t\t\t\t<\/div>\n\t\t<\/div>\n\t\t\t\t\t<\/div>\n\t\t<\/section>\n\t\t\t\t\t<\/div>\n\t\t<\/div>\n\t\t\t\t\t<\/div>\n\t\t<\/section>\n\t\t\t\t<\/div>\n\t\t","protected":false},"excerpt":{"rendered":"<p>Om oss Norlandia Hotel Group Strand Borgholm \u00e4r en del i Norlandia Hotel Group, som \u00e4r ett norskt hotell management bolag vars aff\u00e4rsid\u00e9 \u00e4r bl.a. multi branding. Norlandia driver ca 25 i hotell i Norge och Sverige under olika varum\u00e4rken. De varum\u00e4rken som Norlandia opererar med \u00e4r Best Western, First Hotels, Comfort, Thon Hotels, Rezidor, [&hellip;]<\/p>\n","protected":false},"author":10,"featured_media":18738,"parent":15362,"menu_order":0,"comment_status":"closed","ping_status":"closed","template":"","meta":{"_acf_changed":false,"footnotes":""},"page_insights":[],"class_list":["post-18477","page","type-page","status-publish","has-post-thumbnail","hentry"],"acf":[],"yoast_head":"<!-- This site is optimized with the Yoast SEO Premium plugin v21.7 (Yoast SEO v24.5) - https:\/\/yoast.com\/wordpress\/plugins\/seo\/ -->\n<title>Norlandia Hotel Group |\u00a0Om Oss |\u00a0Strand Borgholm<\/title>\n<meta name=\"description\" content=\"Strand \u00e4r ett av de mest popul\u00e4ra hotellen p\u00e5 \u00d6land och \u00e4r ocks\u00e5 en av syd\u00f6stra Sveriges ledande konferensanl\u00e4ggningar.\" \/>\n<meta name=\"robots\" content=\"index, follow, max-snippet:-1, max-image-preview:large, max-video-preview:-1\" \/>\n<link rel=\"canonical\" href=\"https:\/\/strandborgholm.se\/om-oss\/norlandia-hotel-group\/\" \/>\n<meta property=\"og:locale\" content=\"da_DK\" \/>\n<meta property=\"og:type\" content=\"article\" \/>\n<meta property=\"og:title\" content=\"Norlandia Hotel Group |\u00a0Om Oss |\u00a0Strand Borgholm\" \/>\n<meta property=\"og:description\" content=\"Strand \u00e4r ett av de mest popul\u00e4ra hotellen p\u00e5 \u00d6land och \u00e4r ocks\u00e5 en av syd\u00f6stra Sveriges ledande konferensanl\u00e4ggningar.\" \/>\n<meta property=\"og:url\" content=\"https:\/\/strandborgholm.se\/om-oss\/norlandia-hotel-group\/\" \/>\n<meta property=\"og:site_name\" content=\"Strand Borgholm\" \/>\n<meta property=\"article:publisher\" content=\"https:\/\/www.facebook.com\/strandhotellborgholm\" \/>\n<meta property=\"article:modified_time\" content=\"2023-03-02T13:42:06+00:00\" \/>\n<meta property=\"og:image\" content=\"https:\/\/strandborgholm.se\/wp-content\/uploads\/2023\/02\/strandborgholm-standard-1.jpg\" \/>\n\t<meta property=\"og:image:width\" content=\"1024\" \/>\n\t<meta property=\"og:image:height\" content=\"768\" \/>\n\t<meta property=\"og:image:type\" content=\"image\/jpeg\" \/>\n<meta name=\"twitter:card\" content=\"summary_large_image\" \/>\n<meta name=\"twitter:title\" content=\"Norlandia Hotel Group |\u00a0Om Oss |\u00a0Strand Borgholm\" \/>\n<meta name=\"twitter:description\" content=\"Strand \u00e4r ett av de mest popul\u00e4ra hotellen p\u00e5 \u00d6land och \u00e4r ocks\u00e5 en av syd\u00f6stra Sveriges ledande konferensanl\u00e4ggningar.\" \/>\n<meta name=\"twitter:label1\" content=\"Estimeret l\u00e6setid\" \/>\n\t<meta name=\"twitter:data1\" content=\"1 minut\" \/>\n<script type=\"application\/ld+json\" class=\"yoast-schema-graph\">{\"@context\":\"https:\/\/schema.org\",\"@graph\":[{\"@type\":\"WebPage\",\"@id\":\"https:\/\/strandborgholm.se\/om-oss\/norlandia-hotel-group\/\",\"url\":\"https:\/\/strandborgholm.se\/om-oss\/norlandia-hotel-group\/\",\"name\":\"Norlandia Hotel Group |\u00a0Om Oss |\u00a0Strand Borgholm\",\"isPartOf\":{\"@id\":\"https:\/\/strandborgholm.se\/#website\"},\"primaryImageOfPage\":{\"@id\":\"https:\/\/strandborgholm.se\/om-oss\/norlandia-hotel-group\/#primaryimage\"},\"image\":{\"@id\":\"https:\/\/strandborgholm.se\/om-oss\/norlandia-hotel-group\/#primaryimage\"},\"thumbnailUrl\":\"https:\/\/strandborgholm.se\/wp-content\/uploads\/2023\/02\/strandborgholm-standard-1.jpg\",\"datePublished\":\"2023-02-05T14:06:30+00:00\",\"dateModified\":\"2023-03-02T13:42:06+00:00\",\"description\":\"Strand \u00e4r ett av de mest popul\u00e4ra hotellen p\u00e5 \u00d6land och \u00e4r ocks\u00e5 en av syd\u00f6stra Sveriges ledande konferensanl\u00e4ggningar.\",\"breadcrumb\":{\"@id\":\"https:\/\/strandborgholm.se\/om-oss\/norlandia-hotel-group\/#breadcrumb\"},\"inLanguage\":\"da-DK\",\"potentialAction\":[{\"@type\":\"ReadAction\",\"target\":[\"https:\/\/strandborgholm.se\/om-oss\/norlandia-hotel-group\/\"]}]},{\"@type\":\"ImageObject\",\"inLanguage\":\"da-DK\",\"@id\":\"https:\/\/strandborgholm.se\/om-oss\/norlandia-hotel-group\/#primaryimage\",\"url\":\"https:\/\/strandborgholm.se\/wp-content\/uploads\/2023\/02\/strandborgholm-standard-1.jpg\",\"contentUrl\":\"https:\/\/strandborgholm.se\/wp-content\/uploads\/2023\/02\/strandborgholm-standard-1.jpg\",\"width\":1024,\"height\":768},{\"@type\":\"BreadcrumbList\",\"@id\":\"https:\/\/strandborgholm.se\/om-oss\/norlandia-hotel-group\/#breadcrumb\",\"itemListElement\":[{\"@type\":\"ListItem\",\"position\":1,\"name\":\"Hem\",\"item\":\"https:\/\/strandborgholm.se\/\"},{\"@type\":\"ListItem\",\"position\":2,\"name\":\"Om oss\",\"item\":\"https:\/\/strandborgholm.se\/om-oss\/\"},{\"@type\":\"ListItem\",\"position\":3,\"name\":\"Norlandia Hotel Group\"}]},{\"@type\":\"WebSite\",\"@id\":\"https:\/\/strandborgholm.se\/#website\",\"url\":\"https:\/\/strandborgholm.se\/\",\"name\":\"Strand Borgholm\",\"description\":\"En klassisk m\u00f6tesplats p\u00e5 \u00d6land\",\"publisher\":{\"@id\":\"https:\/\/strandborgholm.se\/#organization\"},\"potentialAction\":[{\"@type\":\"SearchAction\",\"target\":{\"@type\":\"EntryPoint\",\"urlTemplate\":\"https:\/\/strandborgholm.se\/?s={search_term_string}\"},\"query-input\":{\"@type\":\"PropertyValueSpecification\",\"valueRequired\":true,\"valueName\":\"search_term_string\"}}],\"inLanguage\":\"da-DK\"},{\"@type\":\"Organization\",\"@id\":\"https:\/\/strandborgholm.se\/#organization\",\"name\":\"Strand Hotell Borgholm\",\"url\":\"https:\/\/strandborgholm.se\/\",\"logo\":{\"@type\":\"ImageObject\",\"inLanguage\":\"da-DK\",\"@id\":\"https:\/\/strandborgholm.se\/#\/schema\/logo\/image\/\",\"url\":\"\",\"contentUrl\":\"\",\"caption\":\"Strand Hotell Borgholm\"},\"image\":{\"@id\":\"https:\/\/strandborgholm.se\/#\/schema\/logo\/image\/\"},\"sameAs\":[\"https:\/\/www.facebook.com\/strandhotellborgholm\"]}]}<\/script>\n<!-- \/ Yoast SEO Premium plugin. -->","yoast_head_json":{"title":"Norlandia Hotel Group |\u00a0Om Oss |\u00a0Strand Borgholm","description":"Strand \u00e4r ett av de mest popul\u00e4ra hotellen p\u00e5 \u00d6land och \u00e4r ocks\u00e5 en av syd\u00f6stra Sveriges ledande konferensanl\u00e4ggningar.","robots":{"index":"index","follow":"follow","max-snippet":"max-snippet:-1","max-image-preview":"max-image-preview:large","max-video-preview":"max-video-preview:-1"},"canonical":"https:\/\/strandborgholm.se\/om-oss\/norlandia-hotel-group\/","og_locale":"da_DK","og_type":"article","og_title":"Norlandia Hotel Group |\u00a0Om Oss |\u00a0Strand Borgholm","og_description":"Strand \u00e4r ett av de mest popul\u00e4ra hotellen p\u00e5 \u00d6land och \u00e4r ocks\u00e5 en av syd\u00f6stra Sveriges ledande konferensanl\u00e4ggningar.","og_url":"https:\/\/strandborgholm.se\/om-oss\/norlandia-hotel-group\/","og_site_name":"Strand Borgholm","article_publisher":"https:\/\/www.facebook.com\/strandhotellborgholm","article_modified_time":"2023-03-02T13:42:06+00:00","og_image":[{"width":1024,"height":768,"url":"https:\/\/strandborgholm.se\/wp-content\/uploads\/2023\/02\/strandborgholm-standard-1.jpg","type":"image\/jpeg"}],"twitter_card":"summary_large_image","twitter_title":"Norlandia Hotel Group |\u00a0Om Oss |\u00a0Strand Borgholm","twitter_description":"Strand \u00e4r ett av de mest popul\u00e4ra hotellen p\u00e5 \u00d6land och \u00e4r ocks\u00e5 en av syd\u00f6stra Sveriges ledande konferensanl\u00e4ggningar.","twitter_misc":{"Estimeret l\u00e6setid":"1 minut"},"schema":{"@context":"https:\/\/schema.org","@graph":[{"@type":"WebPage","@id":"https:\/\/strandborgholm.se\/om-oss\/norlandia-hotel-group\/","url":"https:\/\/strandborgholm.se\/om-oss\/norlandia-hotel-group\/","name":"Norlandia Hotel Group |\u00a0Om Oss |\u00a0Strand Borgholm","isPartOf":{"@id":"https:\/\/strandborgholm.se\/#website"},"primaryImageOfPage":{"@id":"https:\/\/strandborgholm.se\/om-oss\/norlandia-hotel-group\/#primaryimage"},"image":{"@id":"https:\/\/strandborgholm.se\/om-oss\/norlandia-hotel-group\/#primaryimage"},"thumbnailUrl":"https:\/\/strandborgholm.se\/wp-content\/uploads\/2023\/02\/strandborgholm-standard-1.jpg","datePublished":"2023-02-05T14:06:30+00:00","dateModified":"2023-03-02T13:42:06+00:00","description":"Strand \u00e4r ett av de mest popul\u00e4ra hotellen p\u00e5 \u00d6land och \u00e4r ocks\u00e5 en av syd\u00f6stra Sveriges ledande konferensanl\u00e4ggningar.","breadcrumb":{"@id":"https:\/\/strandborgholm.se\/om-oss\/norlandia-hotel-group\/#breadcrumb"},"inLanguage":"da-DK","potentialAction":[{"@type":"ReadAction","target":["https:\/\/strandborgholm.se\/om-oss\/norlandia-hotel-group\/"]}]},{"@type":"ImageObject","inLanguage":"da-DK","@id":"https:\/\/strandborgholm.se\/om-oss\/norlandia-hotel-group\/#primaryimage","url":"https:\/\/strandborgholm.se\/wp-content\/uploads\/2023\/02\/strandborgholm-standard-1.jpg","contentUrl":"https:\/\/strandborgholm.se\/wp-content\/uploads\/2023\/02\/strandborgholm-standard-1.jpg","width":1024,"height":768},{"@type":"BreadcrumbList","@id":"https:\/\/strandborgholm.se\/om-oss\/norlandia-hotel-group\/#breadcrumb","itemListElement":[{"@type":"ListItem","position":1,"name":"Hem","item":"https:\/\/strandborgholm.se\/"},{"@type":"ListItem","position":2,"name":"Om oss","item":"https:\/\/strandborgholm.se\/om-oss\/"},{"@type":"ListItem","position":3,"name":"Norlandia Hotel Group"}]},{"@type":"WebSite","@id":"https:\/\/strandborgholm.se\/#website","url":"https:\/\/strandborgholm.se\/","name":"Strand Borgholm","description":"En klassisk m\u00f6tesplats p\u00e5 \u00d6land","publisher":{"@id":"https:\/\/strandborgholm.se\/#organization"},"potentialAction":[{"@type":"SearchAction","target":{"@type":"EntryPoint","urlTemplate":"https:\/\/strandborgholm.se\/?s={search_term_string}"},"query-input":{"@type":"PropertyValueSpecification","valueRequired":true,"valueName":"search_term_string"}}],"inLanguage":"da-DK"},{"@type":"Organization","@id":"https:\/\/strandborgholm.se\/#organization","name":"Strand Hotell Borgholm","url":"https:\/\/strandborgholm.se\/","logo":{"@type":"ImageObject","inLanguage":"da-DK","@id":"https:\/\/strandborgholm.se\/#\/schema\/logo\/image\/","url":"","contentUrl":"","caption":"Strand Hotell Borgholm"},"image":{"@id":"https:\/\/strandborgholm.se\/#\/schema\/logo\/image\/"},"sameAs":["https:\/\/www.facebook.com\/strandhotellborgholm"]}]}},"_links":{"self":[{"href":"https:\/\/strandborgholm.se\/da\/wp-json\/wp\/v2\/pages\/18477","targetHints":{"allow":["GET"]}}],"collection":[{"href":"https:\/\/strandborgholm.se\/da\/wp-json\/wp\/v2\/pages"}],"about":[{"href":"https:\/\/strandborgholm.se\/da\/wp-json\/wp\/v2\/types\/page"}],"author":[{"embeddable":true,"href":"https:\/\/strandborgholm.se\/da\/wp-json\/wp\/v2\/users\/10"}],"replies":[{"embeddable":true,"href":"https:\/\/strandborgholm.se\/da\/wp-json\/wp\/v2\/comments?post=18477"}],"version-history":[{"count":0,"href":"https:\/\/strandborgholm.se\/da\/wp-json\/wp\/v2\/pages\/18477\/revisions"}],"up":[{"embeddable":true,"href":"https:\/\/strandborgholm.se\/da\/wp-json\/wp\/v2\/pages\/15362"}],"wp:featuredmedia":[{"embeddable":true,"href":"https:\/\/strandborgholm.se\/da\/wp-json\/wp\/v2\/media\/18738"}],"wp:attachment":[{"href":"https:\/\/strandborgholm.se\/da\/wp-json\/wp\/v2\/media?parent=18477"}],"wp:term":[{"taxonomy":"page_insights","embeddable":true,"href":"https:\/\/strandborgholm.se\/da\/wp-json\/wp\/v2\/page_insights?post=18477"}],"curies":[{"name":"wp","href":"https:\/\/api.w.org\/{rel}","templated":true}]}}