{"id":18676,"date":"2023-02-06T18:03:21","date_gmt":"2023-02-06T17:03:21","guid":{"rendered":"http:\/\/strandborgholm.juliet.utvecklingswebb.se\/?page_id=18676"},"modified":"2025-09-30T09:11:56","modified_gmt":"2025-09-30T07:11:56","slug":"restaurang-seaside","status":"publish","type":"page","link":"https:\/\/strandborgholm.se\/da\/mat-och-dryck\/restaurang-seaside\/","title":{"rendered":"Restaurang Seaside"},"content":{"rendered":"\t\t<div data-elementor-type=\"wp-page\" data-elementor-id=\"18676\" class=\"elementor elementor-18676\" data-elementor-post-type=\"page\">\n\t\t\t\t\t\t<header data-dce-background-overlay-color=\"#18191A00\" class=\"elementor-section elementor-top-section elementor-element elementor-element-0ea1b32 elementor-section-items-stretch elementor-section-height-min-height elementor-section-boxed elementor-section-height-default\" data-id=\"0ea1b32\" data-element_type=\"section\" data-settings=\"{&quot;background_background&quot;:&quot;slideshow&quot;,&quot;background_slideshow_gallery&quot;:[{&quot;id&quot;:19464,&quot;url&quot;:&quot;https:\\\/\\\/strandborgholm.se\\\/wp-content\\\/uploads\\\/2023\\\/04\\\/strand-matdryck-dockside-1.jpg&quot;}],&quot;background_slideshow_loop&quot;:&quot;yes&quot;,&quot;background_slideshow_slide_duration&quot;:5000,&quot;background_slideshow_slide_transition&quot;:&quot;fade&quot;,&quot;background_slideshow_transition_duration&quot;:500}\">\n\t\t\t\t\t\t\t<div class=\"elementor-background-overlay\"><\/div>\n\t\t\t\t\t\t\t<div class=\"elementor-container elementor-column-gap-default\">\n\t\t\t\t\t<div class=\"elementor-column elementor-col-100 elementor-top-column elementor-element elementor-element-7d849a1\" data-id=\"7d849a1\" data-element_type=\"column\">\n\t\t\t<div class=\"elementor-widget-wrap elementor-element-populated\">\n\t\t\t\t\t\t<section class=\"elementor-section elementor-inner-section elementor-element elementor-element-b039afb elementor-section-boxed elementor-section-height-default elementor-section-height-default\" data-id=\"b039afb\" data-element_type=\"section\" data-settings=\"{&quot;background_background&quot;:&quot;video&quot;}\">\n\t\t\t\t\t\t<div class=\"elementor-container elementor-column-gap-default\">\n\t\t\t\t\t<div class=\"elementor-column elementor-col-100 elementor-inner-column elementor-element elementor-element-49feca8\" data-id=\"49feca8\" data-element_type=\"column\">\n\t\t\t<div class=\"elementor-widget-wrap elementor-element-populated\">\n\t\t\t\t\t\t<div class=\"elementor-element elementor-element-4b46676 elementor-widget elementor-widget-heading\" data-id=\"4b46676\" data-element_type=\"widget\" data-widget_type=\"heading.default\">\n\t\t\t\t<div class=\"elementor-widget-container\">\n\t\t\t\t\t<h5 class=\"elementor-heading-title elementor-size-default\">MAT &amp; DRYCK<\/h5>\t\t\t\t<\/div>\n\t\t\t\t<\/div>\n\t\t\t\t<div class=\"elementor-element elementor-element-32cecc6 elementor-widget elementor-widget-heading\" data-id=\"32cecc6\" data-element_type=\"widget\" data-widget_type=\"heading.default\">\n\t\t\t\t<div class=\"elementor-widget-container\">\n\t\t\t\t\t<h1 class=\"elementor-heading-title elementor-size-default\">Restaurang Seaside<\/h1>\t\t\t\t<\/div>\n\t\t\t\t<\/div>\n\t\t\t\t\t<\/div>\n\t\t<\/div>\n\t\t\t\t\t<\/div>\n\t\t<\/section>\n\t\t\t\t\t<\/div>\n\t\t<\/div>\n\t\t\t\t\t<\/div>\n\t\t<\/header>\n\t\t\t\t<section data-dce-background-color=\"#1C1C1C\" class=\"elementor-section elementor-top-section elementor-element elementor-element-2942338 elementor-section-boxed elementor-section-height-default elementor-section-height-default\" data-id=\"2942338\" data-element_type=\"section\" data-settings=\"{&quot;background_background&quot;:&quot;classic&quot;}\">\n\t\t\t\t\t\t<div class=\"elementor-container elementor-column-gap-default\">\n\t\t\t\t\t<div class=\"elementor-column elementor-col-100 elementor-top-column elementor-element elementor-element-c6d0562\" data-id=\"c6d0562\" data-element_type=\"column\">\n\t\t\t<div class=\"elementor-widget-wrap elementor-element-populated\">\n\t\t\t\t\t\t<div class=\"elementor-element elementor-element-2f571e4 elementor-widget elementor-widget-text-editor\" data-id=\"2f571e4\" data-element_type=\"widget\" data-widget_type=\"text-editor.default\">\n\t\t\t\t<div class=\"elementor-widget-container\">\n\t\t\t\t\t\t\t\t\t<p>Seaside \u00e4r v\u00e5r frukost\/eventdel, h\u00e4r serverar vi v\u00e5r frukost dagligen under sommaren och det \u00e4r \u00e4ven h\u00e4r vi h\u00e5ller st\u00f6rre middagar och event. Seaside ligger i anslutning till Restaurang Dockside. Frukost ing\u00e5r alltid f\u00f6r boende g\u00e4ster och vi tar emot g\u00e4ster utifr\u00e5n i m\u00e5n av plats.\u00a0<\/p><p>Fr\u00e5n Seaside n\u00e5r du v\u00e5r h\u00e4rliga uteservering d\u00e4r havsbrisen g\u00f6r sig p\u00e5mind. H\u00e4r kan du njuta av god mat och v\u00e4lblandade cocktails och n\u00e4r kv\u00e4llen kommer v\u00e4ntar dessutom magiska solnedg\u00e5ngar \u00f6ver havet.\u00a0<\/p><p>Har man tur kan man se \u201dv\u00e5rt\u201d havs\u00f6rnspar som bor granne med oss och brukar segla f\u00f6rbi d\u00e5 och d\u00e5 f\u00f6r att vidga sina vyer.<\/p><p><strong>Vi h\u00e5ller just nu st\u00e4ngt f\u00f6r s\u00e4songen, men vi ser fram emot att v\u00e4lkomna er tillbaka igen v\u00e5ren 2026.\u00a0<\/strong><\/p>\t\t\t\t\t\t\t\t<\/div>\n\t\t\t\t<\/div>\n\t\t\t\t<div class=\"elementor-element elementor-element-4081799 elementor-hidden-desktop elementor-hidden-tablet elementor-hidden-mobile elementor-widget elementor-widget-text-editor\" data-id=\"4081799\" data-element_type=\"widget\" data-widget_type=\"text-editor.default\">\n\t\t\t\t<div class=\"elementor-widget-container\">\n\t\t\t\t\t\t\t\t\t<p>Seaside \u00e4r v\u00e5r frukost\/eventdel, h\u00e4r serverar vi v\u00e5r frukost dagligen under sommaren och det \u00e4r \u00e4ven h\u00e4r vi h\u00e5ller st\u00f6rre middagar och event. Seaside ligger i anslutning till Restaurang Dockside. Frukost ing\u00e5r alltid f\u00f6r boende g\u00e4ster och vi tar emot g\u00e4ster utifr\u00e5n i m\u00e5n av plats.\u00a0<\/p><p>Fr\u00e5n Seaside n\u00e5r du v\u00e5r h\u00e4rliga uteservering d\u00e4r havsbrisen g\u00f6r sig p\u00e5mind. H\u00e4r kan du njuta av god mat och v\u00e4lblandade cocktails och n\u00e4r kv\u00e4llen kommer v\u00e4ntar dessutom magiska solnedg\u00e5ngar \u00f6ver havet.\u00a0<\/p><p>Har man tur kan man se \u201dv\u00e5rt\u201d havs\u00f6rnspar som bor granne med oss och brukar segla f\u00f6rbi d\u00e5 och d\u00e5 f\u00f6r att vidga sina vyer.<\/p><p>\u00c4r du nyfiken p\u00e5 hur eller om vi serverar frukost n\u00e4r du vill bes\u00f6ka oss, eller har du kanske n\u00e5gon annan fr\u00e5ga, h\u00f6r g\u00e4rna av er \u00a0p\u00e5 0485-888 88.<\/p>\t\t\t\t\t\t\t\t<\/div>\n\t\t\t\t<\/div>\n\t\t\t\t\t<\/div>\n\t\t<\/div>\n\t\t\t\t\t<\/div>\n\t\t<\/section>\n\t\t\t\t<section class=\"elementor-section elementor-top-section elementor-element elementor-element-2bb72bd elementor-section-height-min-height elementor-section-boxed elementor-section-height-default elementor-section-items-middle\" data-id=\"2bb72bd\" data-element_type=\"section\" data-settings=\"{&quot;background_background&quot;:&quot;classic&quot;}\">\n\t\t\t\t\t\t<div class=\"elementor-container elementor-column-gap-default\">\n\t\t\t\t\t<div data-dce-background-image-url=\"https:\/\/strandborgholm.se\/wp-content\/uploads\/2023\/01\/3000x1200-strand-monster.png\" class=\"elementor-column elementor-col-100 elementor-top-column elementor-element elementor-element-8a66b35 elementor-invisible\" data-id=\"8a66b35\" data-element_type=\"column\" data-settings=\"{&quot;background_background&quot;:&quot;classic&quot;,&quot;animation&quot;:&quot;bounceInUp&quot;,&quot;animation_delay&quot;:100}\">\n\t\t\t<div class=\"elementor-widget-wrap elementor-element-populated\">\n\t\t\t\t\t\t<section class=\"elementor-section elementor-inner-section elementor-element elementor-element-2276d30 elementor-section-boxed elementor-section-height-default elementor-section-height-default\" data-id=\"2276d30\" data-element_type=\"section\">\n\t\t\t\t\t\t<div class=\"elementor-container elementor-column-gap-default\">\n\t\t\t\t\t<div class=\"elementor-column elementor-col-50 elementor-inner-column elementor-element elementor-element-5293d3f\" data-id=\"5293d3f\" data-element_type=\"column\">\n\t\t\t<div class=\"elementor-widget-wrap elementor-element-populated\">\n\t\t\t\t\t\t<div class=\"elementor-element elementor-element-f937db1 elementor-widget elementor-widget-heading\" data-id=\"f937db1\" data-element_type=\"widget\" data-widget_type=\"heading.default\">\n\t\t\t\t<div class=\"elementor-widget-container\">\n\t\t\t\t\t<h5 class=\"elementor-heading-title elementor-size-default\">KUNDKLUBB<\/h5>\t\t\t\t<\/div>\n\t\t\t\t<\/div>\n\t\t\t\t<div class=\"elementor-element elementor-element-d47960f elementor-widget elementor-widget-heading\" data-id=\"d47960f\" data-element_type=\"widget\" data-widget_type=\"heading.default\">\n\t\t\t\t<div class=\"elementor-widget-container\">\n\t\t\t\t\t<h3 class=\"elementor-heading-title elementor-size-default\">Strand Borgholm Member<\/h3>\t\t\t\t<\/div>\n\t\t\t\t<\/div>\n\t\t\t\t<div class=\"elementor-element elementor-element-6e22008 elementor-widget elementor-widget-text-editor\" data-id=\"6e22008\" data-element_type=\"widget\" data-widget_type=\"text-editor.default\">\n\t\t\t\t<div class=\"elementor-widget-container\">\n\t\t\t\t\t\t\t\t\t<p>G\u00e5 med i v\u00e5r kundklubb och f\u00e5 exklusiva erbjudanden och bonusar.<br \/>L\u00e4s mer om hur vi behandlar din data <a href=\"https:\/\/strandborgholm.se\/om-oss\/gdpr\/\">h\u00e4r<\/a>.<\/p>\t\t\t\t\t\t\t\t<\/div>\n\t\t\t\t<\/div>\n\t\t\t\t<div class=\"elementor-element elementor-element-fea5a80 elementor-align-left elementor-widget elementor-widget-button\" data-id=\"fea5a80\" data-element_type=\"widget\" data-widget_type=\"button.default\">\n\t\t\t\t<div class=\"elementor-widget-container\">\n\t\t\t\t\t\t\t\t\t<div class=\"elementor-button-wrapper\">\n\t\t\t\t\t<a class=\"elementor-button elementor-button-link elementor-size-sm\" href=\"https:\/\/strandborgholm.se\/da\/kundklubb\/\">\n\t\t\t\t\t\t<span class=\"elementor-button-content-wrapper\">\n\t\t\t\t\t\t\t\t\t<span class=\"elementor-button-text\">G\u00e5 med nu<\/span>\n\t\t\t\t\t<\/span>\n\t\t\t\t\t<\/a>\n\t\t\t\t<\/div>\n\t\t\t\t\t\t\t\t<\/div>\n\t\t\t\t<\/div>\n\t\t\t\t\t<\/div>\n\t\t<\/div>\n\t\t\t\t<div class=\"elementor-column elementor-col-50 elementor-inner-column elementor-element elementor-element-1497250 elementor-hidden-tablet elementor-hidden-mobile\" data-id=\"1497250\" data-element_type=\"column\">\n\t\t\t<div class=\"elementor-widget-wrap elementor-element-populated\">\n\t\t\t\t\t\t<div class=\"elementor-element elementor-element-2747139 elementor-widget elementor-widget-spacer\" data-id=\"2747139\" data-element_type=\"widget\" data-widget_type=\"spacer.default\">\n\t\t\t\t<div class=\"elementor-widget-container\">\n\t\t\t\t\t\t\t<div class=\"elementor-spacer\">\n\t\t\t<div class=\"elementor-spacer-inner\"><\/div>\n\t\t<\/div>\n\t\t\t\t\t\t<\/div>\n\t\t\t\t<\/div>\n\t\t\t\t\t<\/div>\n\t\t<\/div>\n\t\t\t\t\t<\/div>\n\t\t<\/section>\n\t\t\t\t\t<\/div>\n\t\t<\/div>\n\t\t\t\t\t<\/div>\n\t\t<\/section>\n\t\t\t\t<\/div>\n\t\t","protected":false},"excerpt":{"rendered":"<p>MAT &amp; DRYCK Restaurang Seaside Seaside \u00e4r v\u00e5r frukost\/eventdel, h\u00e4r serverar vi v\u00e5r frukost dagligen under sommaren och det \u00e4r \u00e4ven h\u00e4r vi h\u00e5ller st\u00f6rre middagar och event. Seaside ligger i anslutning till Restaurang Dockside. Frukost ing\u00e5r alltid f\u00f6r boende g\u00e4ster och vi tar emot g\u00e4ster utifr\u00e5n i m\u00e5n av plats.\u00a0 Fr\u00e5n Seaside n\u00e5r du [&hellip;]<\/p>\n","protected":false},"author":10,"featured_media":18678,"parent":18202,"menu_order":0,"comment_status":"closed","ping_status":"closed","template":"","meta":{"_acf_changed":false,"footnotes":""},"page_insights":[],"class_list":["post-18676","page","type-page","status-publish","has-post-thumbnail","hentry"],"acf":[],"yoast_head":"<!-- This site is optimized with the Yoast SEO Premium plugin v21.7 (Yoast SEO v24.5) - https:\/\/yoast.com\/wordpress\/plugins\/seo\/ -->\n<title>Restaurang Seaside |\u00a0Mat &amp; Dryck |\u00a0Strand Borgholm<\/title>\n<meta name=\"description\" content=\"Seaside \u00e4r v\u00e5r middagsrestaurang som ligger i anslutning till Restaurang Dockside, h\u00e4r kan du njuta av utsikten \u00f6ver kallbadhuset samt kalmarsunds fantastiska solnedg\u00e5ngar.\" \/>\n<meta name=\"robots\" content=\"index, follow, max-snippet:-1, max-image-preview:large, max-video-preview:-1\" \/>\n<link rel=\"canonical\" href=\"https:\/\/strandborgholm.se\/mat-och-dryck\/restaurang-seaside\/\" \/>\n<meta property=\"og:locale\" content=\"da_DK\" \/>\n<meta property=\"og:type\" content=\"article\" \/>\n<meta property=\"og:title\" content=\"Restaurang Seaside |\u00a0Mat &amp; Dryck |\u00a0Strand Borgholm\" \/>\n<meta property=\"og:description\" content=\"Seaside \u00e4r v\u00e5r middagsrestaurang som ligger i anslutning till Restaurang Dockside, h\u00e4r kan du njuta av utsikten \u00f6ver kallbadhuset samt kalmarsunds fantastiska solnedg\u00e5ngar.\" \/>\n<meta property=\"og:url\" content=\"https:\/\/strandborgholm.se\/mat-och-dryck\/restaurang-seaside\/\" \/>\n<meta property=\"og:site_name\" content=\"Strand Borgholm\" \/>\n<meta property=\"article:publisher\" content=\"https:\/\/www.facebook.com\/strandhotellborgholm\" \/>\n<meta property=\"article:modified_time\" content=\"2025-09-30T07:11:56+00:00\" \/>\n<meta property=\"og:image\" content=\"https:\/\/strandborgholm.se\/wp-content\/uploads\/2023\/02\/restaurang-seaside.jpg\" \/>\n\t<meta property=\"og:image:width\" content=\"1920\" \/>\n\t<meta property=\"og:image:height\" content=\"1080\" \/>\n\t<meta property=\"og:image:type\" content=\"image\/jpeg\" \/>\n<meta name=\"twitter:card\" content=\"summary_large_image\" \/>\n<meta name=\"twitter:title\" content=\"Restaurang Seaside |\u00a0Mat &amp; Dryck |\u00a0Strand Borgholm\" \/>\n<meta name=\"twitter:description\" content=\"Seaside \u00e4r v\u00e5r middagsrestaurang som ligger i anslutning till Restaurang Dockside, h\u00e4r kan du njuta av utsikten \u00f6ver kallbadhuset samt kalmarsunds fantastiska solnedg\u00e5ngar.\" \/>\n<meta name=\"twitter:label1\" content=\"Estimeret l\u00e6setid\" \/>\n\t<meta name=\"twitter:data1\" content=\"2 minutter\" \/>\n<script type=\"application\/ld+json\" class=\"yoast-schema-graph\">{\"@context\":\"https:\/\/schema.org\",\"@graph\":[{\"@type\":\"WebPage\",\"@id\":\"https:\/\/strandborgholm.se\/mat-och-dryck\/restaurang-seaside\/\",\"url\":\"https:\/\/strandborgholm.se\/mat-och-dryck\/restaurang-seaside\/\",\"name\":\"Restaurang Seaside |\u00a0Mat & Dryck |\u00a0Strand Borgholm\",\"isPartOf\":{\"@id\":\"https:\/\/strandborgholm.se\/#website\"},\"primaryImageOfPage\":{\"@id\":\"https:\/\/strandborgholm.se\/mat-och-dryck\/restaurang-seaside\/#primaryimage\"},\"image\":{\"@id\":\"https:\/\/strandborgholm.se\/mat-och-dryck\/restaurang-seaside\/#primaryimage\"},\"thumbnailUrl\":\"https:\/\/strandborgholm.se\/wp-content\/uploads\/2023\/02\/restaurang-seaside.jpg\",\"datePublished\":\"2023-02-06T17:03:21+00:00\",\"dateModified\":\"2025-09-30T07:11:56+00:00\",\"description\":\"Seaside \u00e4r v\u00e5r middagsrestaurang som ligger i anslutning till Restaurang Dockside, h\u00e4r kan du njuta av utsikten \u00f6ver kallbadhuset samt kalmarsunds fantastiska solnedg\u00e5ngar.\",\"breadcrumb\":{\"@id\":\"https:\/\/strandborgholm.se\/mat-och-dryck\/restaurang-seaside\/#breadcrumb\"},\"inLanguage\":\"da-DK\",\"potentialAction\":[{\"@type\":\"ReadAction\",\"target\":[\"https:\/\/strandborgholm.se\/mat-och-dryck\/restaurang-seaside\/\"]}]},{\"@type\":\"ImageObject\",\"inLanguage\":\"da-DK\",\"@id\":\"https:\/\/strandborgholm.se\/mat-och-dryck\/restaurang-seaside\/#primaryimage\",\"url\":\"https:\/\/strandborgholm.se\/wp-content\/uploads\/2023\/02\/restaurang-seaside.jpg\",\"contentUrl\":\"https:\/\/strandborgholm.se\/wp-content\/uploads\/2023\/02\/restaurang-seaside.jpg\",\"width\":1920,\"height\":1080},{\"@type\":\"BreadcrumbList\",\"@id\":\"https:\/\/strandborgholm.se\/mat-och-dryck\/restaurang-seaside\/#breadcrumb\",\"itemListElement\":[{\"@type\":\"ListItem\",\"position\":1,\"name\":\"Hem\",\"item\":\"https:\/\/strandborgholm.se\/\"},{\"@type\":\"ListItem\",\"position\":2,\"name\":\"Mat &#038; Dryck\",\"item\":\"https:\/\/strandborgholm.se\/mat-och-dryck\/\"},{\"@type\":\"ListItem\",\"position\":3,\"name\":\"Restaurang Seaside\"}]},{\"@type\":\"WebSite\",\"@id\":\"https:\/\/strandborgholm.se\/#website\",\"url\":\"https:\/\/strandborgholm.se\/\",\"name\":\"Strand Borgholm\",\"description\":\"En klassisk m\u00f6tesplats p\u00e5 \u00d6land\",\"publisher\":{\"@id\":\"https:\/\/strandborgholm.se\/#organization\"},\"potentialAction\":[{\"@type\":\"SearchAction\",\"target\":{\"@type\":\"EntryPoint\",\"urlTemplate\":\"https:\/\/strandborgholm.se\/?s={search_term_string}\"},\"query-input\":{\"@type\":\"PropertyValueSpecification\",\"valueRequired\":true,\"valueName\":\"search_term_string\"}}],\"inLanguage\":\"da-DK\"},{\"@type\":\"Organization\",\"@id\":\"https:\/\/strandborgholm.se\/#organization\",\"name\":\"Strand Hotell Borgholm\",\"url\":\"https:\/\/strandborgholm.se\/\",\"logo\":{\"@type\":\"ImageObject\",\"inLanguage\":\"da-DK\",\"@id\":\"https:\/\/strandborgholm.se\/#\/schema\/logo\/image\/\",\"url\":\"\",\"contentUrl\":\"\",\"caption\":\"Strand Hotell Borgholm\"},\"image\":{\"@id\":\"https:\/\/strandborgholm.se\/#\/schema\/logo\/image\/\"},\"sameAs\":[\"https:\/\/www.facebook.com\/strandhotellborgholm\"]}]}<\/script>\n<!-- \/ Yoast SEO Premium plugin. -->","yoast_head_json":{"title":"Restaurang Seaside |\u00a0Mat & Dryck |\u00a0Strand Borgholm","description":"Seaside \u00e4r v\u00e5r middagsrestaurang som ligger i anslutning till Restaurang Dockside, h\u00e4r kan du njuta av utsikten \u00f6ver kallbadhuset samt kalmarsunds fantastiska solnedg\u00e5ngar.","robots":{"index":"index","follow":"follow","max-snippet":"max-snippet:-1","max-image-preview":"max-image-preview:large","max-video-preview":"max-video-preview:-1"},"canonical":"https:\/\/strandborgholm.se\/mat-och-dryck\/restaurang-seaside\/","og_locale":"da_DK","og_type":"article","og_title":"Restaurang Seaside |\u00a0Mat & Dryck |\u00a0Strand Borgholm","og_description":"Seaside \u00e4r v\u00e5r middagsrestaurang som ligger i anslutning till Restaurang Dockside, h\u00e4r kan du njuta av utsikten \u00f6ver kallbadhuset samt kalmarsunds fantastiska solnedg\u00e5ngar.","og_url":"https:\/\/strandborgholm.se\/mat-och-dryck\/restaurang-seaside\/","og_site_name":"Strand Borgholm","article_publisher":"https:\/\/www.facebook.com\/strandhotellborgholm","article_modified_time":"2025-09-30T07:11:56+00:00","og_image":[{"width":1920,"height":1080,"url":"https:\/\/strandborgholm.se\/wp-content\/uploads\/2023\/02\/restaurang-seaside.jpg","type":"image\/jpeg"}],"twitter_card":"summary_large_image","twitter_title":"Restaurang Seaside |\u00a0Mat & Dryck |\u00a0Strand Borgholm","twitter_description":"Seaside \u00e4r v\u00e5r middagsrestaurang som ligger i anslutning till Restaurang Dockside, h\u00e4r kan du njuta av utsikten \u00f6ver kallbadhuset samt kalmarsunds fantastiska solnedg\u00e5ngar.","twitter_misc":{"Estimeret l\u00e6setid":"2 minutter"},"schema":{"@context":"https:\/\/schema.org","@graph":[{"@type":"WebPage","@id":"https:\/\/strandborgholm.se\/mat-och-dryck\/restaurang-seaside\/","url":"https:\/\/strandborgholm.se\/mat-och-dryck\/restaurang-seaside\/","name":"Restaurang Seaside |\u00a0Mat & Dryck |\u00a0Strand Borgholm","isPartOf":{"@id":"https:\/\/strandborgholm.se\/#website"},"primaryImageOfPage":{"@id":"https:\/\/strandborgholm.se\/mat-och-dryck\/restaurang-seaside\/#primaryimage"},"image":{"@id":"https:\/\/strandborgholm.se\/mat-och-dryck\/restaurang-seaside\/#primaryimage"},"thumbnailUrl":"https:\/\/strandborgholm.se\/wp-content\/uploads\/2023\/02\/restaurang-seaside.jpg","datePublished":"2023-02-06T17:03:21+00:00","dateModified":"2025-09-30T07:11:56+00:00","description":"Seaside \u00e4r v\u00e5r middagsrestaurang som ligger i anslutning till Restaurang Dockside, h\u00e4r kan du njuta av utsikten \u00f6ver kallbadhuset samt kalmarsunds fantastiska solnedg\u00e5ngar.","breadcrumb":{"@id":"https:\/\/strandborgholm.se\/mat-och-dryck\/restaurang-seaside\/#breadcrumb"},"inLanguage":"da-DK","potentialAction":[{"@type":"ReadAction","target":["https:\/\/strandborgholm.se\/mat-och-dryck\/restaurang-seaside\/"]}]},{"@type":"ImageObject","inLanguage":"da-DK","@id":"https:\/\/strandborgholm.se\/mat-och-dryck\/restaurang-seaside\/#primaryimage","url":"https:\/\/strandborgholm.se\/wp-content\/uploads\/2023\/02\/restaurang-seaside.jpg","contentUrl":"https:\/\/strandborgholm.se\/wp-content\/uploads\/2023\/02\/restaurang-seaside.jpg","width":1920,"height":1080},{"@type":"BreadcrumbList","@id":"https:\/\/strandborgholm.se\/mat-och-dryck\/restaurang-seaside\/#breadcrumb","itemListElement":[{"@type":"ListItem","position":1,"name":"Hem","item":"https:\/\/strandborgholm.se\/"},{"@type":"ListItem","position":2,"name":"Mat &#038; Dryck","item":"https:\/\/strandborgholm.se\/mat-och-dryck\/"},{"@type":"ListItem","position":3,"name":"Restaurang Seaside"}]},{"@type":"WebSite","@id":"https:\/\/strandborgholm.se\/#website","url":"https:\/\/strandborgholm.se\/","name":"Strand Borgholm","description":"En klassisk m\u00f6tesplats p\u00e5 \u00d6land","publisher":{"@id":"https:\/\/strandborgholm.se\/#organization"},"potentialAction":[{"@type":"SearchAction","target":{"@type":"EntryPoint","urlTemplate":"https:\/\/strandborgholm.se\/?s={search_term_string}"},"query-input":{"@type":"PropertyValueSpecification","valueRequired":true,"valueName":"search_term_string"}}],"inLanguage":"da-DK"},{"@type":"Organization","@id":"https:\/\/strandborgholm.se\/#organization","name":"Strand Hotell Borgholm","url":"https:\/\/strandborgholm.se\/","logo":{"@type":"ImageObject","inLanguage":"da-DK","@id":"https:\/\/strandborgholm.se\/#\/schema\/logo\/image\/","url":"","contentUrl":"","caption":"Strand Hotell Borgholm"},"image":{"@id":"https:\/\/strandborgholm.se\/#\/schema\/logo\/image\/"},"sameAs":["https:\/\/www.facebook.com\/strandhotellborgholm"]}]}},"_links":{"self":[{"href":"https:\/\/strandborgholm.se\/da\/wp-json\/wp\/v2\/pages\/18676","targetHints":{"allow":["GET"]}}],"collection":[{"href":"https:\/\/strandborgholm.se\/da\/wp-json\/wp\/v2\/pages"}],"about":[{"href":"https:\/\/strandborgholm.se\/da\/wp-json\/wp\/v2\/types\/page"}],"author":[{"embeddable":true,"href":"https:\/\/strandborgholm.se\/da\/wp-json\/wp\/v2\/users\/10"}],"replies":[{"embeddable":true,"href":"https:\/\/strandborgholm.se\/da\/wp-json\/wp\/v2\/comments?post=18676"}],"version-history":[{"count":39,"href":"https:\/\/strandborgholm.se\/da\/wp-json\/wp\/v2\/pages\/18676\/revisions"}],"predecessor-version":[{"id":22837,"href":"https:\/\/strandborgholm.se\/da\/wp-json\/wp\/v2\/pages\/18676\/revisions\/22837"}],"up":[{"embeddable":true,"href":"https:\/\/strandborgholm.se\/da\/wp-json\/wp\/v2\/pages\/18202"}],"wp:featuredmedia":[{"embeddable":true,"href":"https:\/\/strandborgholm.se\/da\/wp-json\/wp\/v2\/media\/18678"}],"wp:attachment":[{"href":"https:\/\/strandborgholm.se\/da\/wp-json\/wp\/v2\/media?parent=18676"}],"wp:term":[{"taxonomy":"page_insights","embeddable":true,"href":"https:\/\/strandborgholm.se\/da\/wp-json\/wp\/v2\/page_insights?post=18676"}],"curies":[{"name":"wp","href":"https:\/\/api.w.org\/{rel}","templated":true}]}}