{"id":21353,"date":"2024-06-26T16:13:10","date_gmt":"2024-06-26T14:13:10","guid":{"rendered":"https:\/\/strandborgholm.se\/?page_id=21353"},"modified":"2024-06-28T09:10:37","modified_gmt":"2024-06-28T07:10:37","slug":"evenemangskalender","status":"publish","type":"page","link":"https:\/\/strandborgholm.se\/da\/evenemangskalender\/","title":{"rendered":"Evenemangskalender"},"content":{"rendered":"\t\t<div data-elementor-type=\"wp-page\" data-elementor-id=\"21353\" class=\"elementor elementor-21353\" data-elementor-post-type=\"page\">\n\t\t\t\t\t\t<header data-dce-background-color=\"#FFFFFF\" data-dce-background-overlay-color=\"#18191A00\" class=\"elementor-section elementor-top-section elementor-element elementor-element-0ea1b32 elementor-section-items-stretch elementor-section-height-min-height elementor-section-boxed elementor-section-height-default\" data-id=\"0ea1b32\" data-element_type=\"section\" data-settings=\"{&quot;background_background&quot;:&quot;video&quot;,&quot;background_play_on_mobile&quot;:&quot;yes&quot;,&quot;background_video_link&quot;:&quot;https:\\\/\\\/strandborgholm.se\\\/wp-content\\\/uploads\\\/2023\\\/01\\\/Olandsfilmen_1-1.mp4&quot;}\">\n\t\t\t\t\t\t\t\t<div class=\"elementor-background-video-container\">\n\t\t\t\t\t\t\t\t\t\t\t\t\t<video class=\"elementor-background-video-hosted\" autoplay muted playsinline loop><\/video>\n\t\t\t\t\t\t\t\t\t\t\t<\/div>\n\t\t\t\t\t\t\t\t\t<div class=\"elementor-background-overlay\"><\/div>\n\t\t\t\t\t\t\t<div class=\"elementor-container elementor-column-gap-default\">\n\t\t\t\t\t<div class=\"elementor-column elementor-col-100 elementor-top-column elementor-element elementor-element-7d849a1\" data-id=\"7d849a1\" data-element_type=\"column\">\n\t\t\t<div class=\"elementor-widget-wrap elementor-element-populated\">\n\t\t\t\t\t\t<section class=\"elementor-section elementor-inner-section elementor-element elementor-element-b039afb elementor-section-boxed elementor-section-height-default elementor-section-height-default\" data-id=\"b039afb\" data-element_type=\"section\" data-settings=\"{&quot;background_background&quot;:&quot;video&quot;}\">\n\t\t\t\t\t\t<div class=\"elementor-container elementor-column-gap-default\">\n\t\t\t\t\t<div class=\"elementor-column elementor-col-100 elementor-inner-column elementor-element elementor-element-49feca8\" data-id=\"49feca8\" data-element_type=\"column\">\n\t\t\t<div class=\"elementor-widget-wrap elementor-element-populated\">\n\t\t\t\t\t\t<div class=\"elementor-element elementor-element-4b46676 elementor-widget elementor-widget-heading\" data-id=\"4b46676\" data-element_type=\"widget\" data-widget_type=\"heading.default\">\n\t\t\t\t<div class=\"elementor-widget-container\">\n\t\t\t\t\t<h5 class=\"elementor-heading-title elementor-size-default\">STRAND BORGHOLM<\/h5>\t\t\t\t<\/div>\n\t\t\t\t<\/div>\n\t\t\t\t<div class=\"elementor-element elementor-element-32cecc6 elementor-widget elementor-widget-heading\" data-id=\"32cecc6\" data-element_type=\"widget\" data-widget_type=\"heading.default\">\n\t\t\t\t<div class=\"elementor-widget-container\">\n\t\t\t\t\t<h1 class=\"elementor-heading-title elementor-size-default\">Evenemangskalender <\/h1>\t\t\t\t<\/div>\n\t\t\t\t<\/div>\n\t\t\t\t\t<\/div>\n\t\t<\/div>\n\t\t\t\t\t<\/div>\n\t\t<\/section>\n\t\t\t\t\t<\/div>\n\t\t<\/div>\n\t\t\t\t\t<\/div>\n\t\t<\/header>\n\t\t\t\t<section data-dce-background-color=\"#1C1C1C\" class=\"elementor-section elementor-top-section elementor-element elementor-element-ebee170 elementor-section-boxed elementor-section-height-default elementor-section-height-default\" data-id=\"ebee170\" data-element_type=\"section\" data-settings=\"{&quot;background_background&quot;:&quot;classic&quot;}\">\n\t\t\t\t\t\t<div class=\"elementor-container elementor-column-gap-default\">\n\t\t\t\t\t<div class=\"elementor-column elementor-col-100 elementor-top-column elementor-element elementor-element-db5549f\" data-id=\"db5549f\" data-element_type=\"column\">\n\t\t\t<div class=\"elementor-widget-wrap elementor-element-populated\">\n\t\t\t\t\t\t<div class=\"elementor-element elementor-element-e4ddbba elementor-widget elementor-widget-heading\" data-id=\"e4ddbba\" data-element_type=\"widget\" data-widget_type=\"heading.default\">\n\t\t\t\t<div class=\"elementor-widget-container\">\n\t\t\t\t\t<h5 class=\"elementor-heading-title elementor-size-default\">evenemang<\/h5>\t\t\t\t<\/div>\n\t\t\t\t<\/div>\n\t\t\t\t<div class=\"elementor-element elementor-element-7d008a8 elementor-widget-mobile__width-inherit elementor-widget elementor-widget-heading\" data-id=\"7d008a8\" data-element_type=\"widget\" data-widget_type=\"heading.default\">\n\t\t\t\t<div class=\"elementor-widget-container\">\n\t\t\t\t\t<h2 class=\"elementor-heading-title elementor-size-default\">P\u00e5 \u00d6land i sommar<\/h2>\t\t\t\t<\/div>\n\t\t\t\t<\/div>\n\t\t\t\t<div class=\"elementor-element elementor-element-03947fc elementor-widget elementor-widget-text-editor\" data-id=\"03947fc\" data-element_type=\"widget\" data-widget_type=\"text-editor.default\">\n\t\t\t\t<div class=\"elementor-widget-container\">\n\t\t\t\t\t\t\t\t\t<p><strong>H\u00e4r p\u00e5 \u00d6land \u00e4r sommaren full av olika evenemang f\u00f6r olika \u00e5ldrar och smaker. Delta i olika t\u00e4vlingar, utforska utst\u00e4llningar eller lyssna till h\u00e4rlig musik. Kolla in evenemangskalendern och hitta ditt evenemanget f\u00f6r dig och ditt s\u00e4llskap!\u00a0<\/strong><\/p>\t\t\t\t\t\t\t\t<\/div>\n\t\t\t\t<\/div>\n\t\t\t\t<div class=\"elementor-element elementor-element-3db89bc elementor-align-center elementor-widget elementor-widget-button\" data-id=\"3db89bc\" data-element_type=\"widget\" data-widget_type=\"button.default\">\n\t\t\t\t<div class=\"elementor-widget-container\">\n\t\t\t\t\t\t\t\t\t<div class=\"elementor-button-wrapper\">\n\t\t\t\t\t<a class=\"elementor-button elementor-button-link elementor-size-sm\" href=\"https:\/\/www.oland.se\/kalender\">\n\t\t\t\t\t\t<span class=\"elementor-button-content-wrapper\">\n\t\t\t\t\t\t\t\t\t<span class=\"elementor-button-text\">Evenemangskalender<\/span>\n\t\t\t\t\t<\/span>\n\t\t\t\t\t<\/a>\n\t\t\t\t<\/div>\n\t\t\t\t\t\t\t\t<\/div>\n\t\t\t\t<\/div>\n\t\t\t\t<div class=\"elementor-element elementor-element-028c846 elementor-widget elementor-widget-text-editor\" data-id=\"028c846\" data-element_type=\"widget\" data-widget_type=\"text-editor.default\">\n\t\t\t\t<div class=\"elementor-widget-container\">\n\t\t\t\t\t\t\t\t\t<p><strong style=\"letter-spacing: 0.2px;\">\u00a0<\/strong><span style=\"letter-spacing: 0.2px;\">Vi p\u00e5 Strand Borgholm st\u00e5r redo som din trygga bas under vistelsen. Boka ditt boende redan idag f\u00f6r en komplett vistelse p\u00e5 \u00d6land.\u00a0<\/span><\/p>\t\t\t\t\t\t\t\t<\/div>\n\t\t\t\t<\/div>\n\t\t\t\t<div class=\"elementor-element elementor-element-57085fd elementor-align-center elementor-widget elementor-widget-button\" data-id=\"57085fd\" data-element_type=\"widget\" data-widget_type=\"button.default\">\n\t\t\t\t<div class=\"elementor-widget-container\">\n\t\t\t\t\t\t\t\t\t<div class=\"elementor-button-wrapper\">\n\t\t\t\t\t<a class=\"elementor-button elementor-button-link elementor-size-sm\" href=\"https:\/\/boka.strandborgholm.se\/se\/package\/list?_ga=2.256931976.285630433.1719554964-1870258222.1704790242\">\n\t\t\t\t\t\t<span class=\"elementor-button-content-wrapper\">\n\t\t\t\t\t\t\t\t\t<span class=\"elementor-button-text\">Boka nu<\/span>\n\t\t\t\t\t<\/span>\n\t\t\t\t\t<\/a>\n\t\t\t\t<\/div>\n\t\t\t\t\t\t\t\t<\/div>\n\t\t\t\t<\/div>\n\t\t\t\t<div class=\"elementor-element elementor-element-5669419 elementor-widget-divider--view-line elementor-widget elementor-widget-divider\" data-id=\"5669419\" data-element_type=\"widget\" data-settings=\"{&quot;_animation&quot;:&quot;none&quot;}\" data-widget_type=\"divider.default\">\n\t\t\t\t<div class=\"elementor-widget-container\">\n\t\t\t\t\t\t\t<div class=\"elementor-divider\">\n\t\t\t<span class=\"elementor-divider-separator\">\n\t\t\t\t\t\t<\/span>\n\t\t<\/div>\n\t\t\t\t\t\t<\/div>\n\t\t\t\t<\/div>\n\t\t\t\t\t<\/div>\n\t\t<\/div>\n\t\t\t\t\t<\/div>\n\t\t<\/section>\n\t\t\t\t<section class=\"elementor-section elementor-top-section elementor-element elementor-element-e00dea7 elementor-section-height-min-height elementor-section-boxed elementor-section-height-default elementor-section-items-middle\" data-id=\"e00dea7\" data-element_type=\"section\" data-settings=\"{&quot;background_background&quot;:&quot;classic&quot;}\">\n\t\t\t\t\t\t<div class=\"elementor-container elementor-column-gap-default\">\n\t\t\t\t\t<div data-dce-background-image-url=\"https:\/\/strandborgholm.se\/wp-content\/uploads\/2023\/01\/3000x1200-strand-monster.png\" class=\"elementor-column elementor-col-100 elementor-top-column elementor-element elementor-element-fb14d99 elementor-invisible\" data-id=\"fb14d99\" data-element_type=\"column\" data-settings=\"{&quot;background_background&quot;:&quot;classic&quot;,&quot;animation&quot;:&quot;bounceInUp&quot;,&quot;animation_delay&quot;:100}\">\n\t\t\t<div class=\"elementor-widget-wrap elementor-element-populated\">\n\t\t\t\t\t\t<section class=\"elementor-section elementor-inner-section elementor-element elementor-element-a3ec1f7 elementor-section-boxed elementor-section-height-default elementor-section-height-default\" data-id=\"a3ec1f7\" data-element_type=\"section\">\n\t\t\t\t\t\t<div class=\"elementor-container elementor-column-gap-default\">\n\t\t\t\t\t<div class=\"elementor-column elementor-col-50 elementor-inner-column elementor-element elementor-element-05821eb\" data-id=\"05821eb\" data-element_type=\"column\">\n\t\t\t<div class=\"elementor-widget-wrap elementor-element-populated\">\n\t\t\t\t\t\t<div class=\"elementor-element elementor-element-0f777b5 elementor-widget elementor-widget-heading\" data-id=\"0f777b5\" data-element_type=\"widget\" data-widget_type=\"heading.default\">\n\t\t\t\t<div class=\"elementor-widget-container\">\n\t\t\t\t\t<h5 class=\"elementor-heading-title elementor-size-default\">KUNDKLUBB<\/h5>\t\t\t\t<\/div>\n\t\t\t\t<\/div>\n\t\t\t\t<div class=\"elementor-element elementor-element-16caf63 elementor-widget elementor-widget-heading\" data-id=\"16caf63\" data-element_type=\"widget\" data-widget_type=\"heading.default\">\n\t\t\t\t<div class=\"elementor-widget-container\">\n\t\t\t\t\t<h3 class=\"elementor-heading-title elementor-size-default\">Strand Borgholm Member<\/h3>\t\t\t\t<\/div>\n\t\t\t\t<\/div>\n\t\t\t\t<div class=\"elementor-element elementor-element-061e0c3 elementor-widget elementor-widget-text-editor\" data-id=\"061e0c3\" data-element_type=\"widget\" data-widget_type=\"text-editor.default\">\n\t\t\t\t<div class=\"elementor-widget-container\">\n\t\t\t\t\t\t\t\t\t<p>G\u00e5 med i v\u00e5r kundklubb och f\u00e5 exklusiva erbjudanden och bonusar.<br \/>L\u00e4s mer om hur vi behandlar din data <a href=\"https:\/\/strandborgholm.se\/om-oss\/gdpr\/\">h\u00e4r<\/a>.<\/p>\t\t\t\t\t\t\t\t<\/div>\n\t\t\t\t<\/div>\n\t\t\t\t<div class=\"elementor-element elementor-element-0e9f16e elementor-align-left elementor-widget elementor-widget-button\" data-id=\"0e9f16e\" data-element_type=\"widget\" data-widget_type=\"button.default\">\n\t\t\t\t<div class=\"elementor-widget-container\">\n\t\t\t\t\t\t\t\t\t<div class=\"elementor-button-wrapper\">\n\t\t\t\t\t<a class=\"elementor-button elementor-button-link elementor-size-sm\" href=\"https:\/\/strandborgholm.se\/da\/kundklubb\/\">\n\t\t\t\t\t\t<span class=\"elementor-button-content-wrapper\">\n\t\t\t\t\t\t\t\t\t<span class=\"elementor-button-text\">G\u00e5 med nu<\/span>\n\t\t\t\t\t<\/span>\n\t\t\t\t\t<\/a>\n\t\t\t\t<\/div>\n\t\t\t\t\t\t\t\t<\/div>\n\t\t\t\t<\/div>\n\t\t\t\t\t<\/div>\n\t\t<\/div>\n\t\t\t\t<div class=\"elementor-column elementor-col-50 elementor-inner-column elementor-element elementor-element-b86814a elementor-hidden-tablet elementor-hidden-mobile\" data-id=\"b86814a\" data-element_type=\"column\">\n\t\t\t<div class=\"elementor-widget-wrap elementor-element-populated\">\n\t\t\t\t\t\t<div class=\"elementor-element elementor-element-e70f496 elementor-widget elementor-widget-spacer\" data-id=\"e70f496\" data-element_type=\"widget\" data-widget_type=\"spacer.default\">\n\t\t\t\t<div class=\"elementor-widget-container\">\n\t\t\t\t\t\t\t<div class=\"elementor-spacer\">\n\t\t\t<div class=\"elementor-spacer-inner\"><\/div>\n\t\t<\/div>\n\t\t\t\t\t\t<\/div>\n\t\t\t\t<\/div>\n\t\t\t\t\t<\/div>\n\t\t<\/div>\n\t\t\t\t\t<\/div>\n\t\t<\/section>\n\t\t\t\t\t<\/div>\n\t\t<\/div>\n\t\t\t\t\t<\/div>\n\t\t<\/section>\n\t\t\t\t<section class=\"elementor-section elementor-top-section elementor-element elementor-element-9e62cf4 elementor-section-boxed elementor-section-height-default elementor-section-height-default\" data-id=\"9e62cf4\" data-element_type=\"section\">\n\t\t\t\t\t\t<div class=\"elementor-container elementor-column-gap-default\">\n\t\t\t\t\t<div class=\"elementor-column elementor-col-100 elementor-top-column elementor-element elementor-element-55f5a2b\" data-id=\"55f5a2b\" data-element_type=\"column\">\n\t\t\t<div class=\"elementor-widget-wrap elementor-element-populated\">\n\t\t\t\t\t\t<div class=\"elementor-element elementor-element-84adfd4 elementor-widget elementor-widget-text-editor\" data-id=\"84adfd4\" data-element_type=\"widget\" data-widget_type=\"text-editor.default\">\n\t\t\t\t<div class=\"elementor-widget-container\">\n\t\t\t\t\t\t\t\t\t<p>Ta t\u00e5get fr\u00e5n K\u00f6penhamn till Kalmar och sedan hyrbil eller buss \u00f6ver till \u00d6land. T\u00e5gresa ca 3 h 45 min.<\/p>\t\t\t\t\t\t\t\t<\/div>\n\t\t\t\t<\/div>\n\t\t\t\t\t<\/div>\n\t\t<\/div>\n\t\t\t\t\t<\/div>\n\t\t<\/section>\n\t\t\t\t<section class=\"elementor-section elementor-top-section elementor-element elementor-element-803c454 elementor-section-boxed elementor-section-height-default elementor-section-height-default\" data-id=\"803c454\" data-element_type=\"section\">\n\t\t\t\t\t\t<div class=\"elementor-container elementor-column-gap-default\">\n\t\t\t\t\t<div class=\"elementor-column elementor-col-100 elementor-top-column elementor-element elementor-element-0ca7a92\" data-id=\"0ca7a92\" data-element_type=\"column\">\n\t\t\t<div class=\"elementor-widget-wrap\">\n\t\t\t\t\t\t\t<\/div>\n\t\t<\/div>\n\t\t\t\t\t<\/div>\n\t\t<\/section>\n\t\t\t\t<\/div>\n\t\t","protected":false},"excerpt":{"rendered":"<p>STRAND BORGHOLM Evenemangskalender evenemang P\u00e5 \u00d6land i sommar H\u00e4r p\u00e5 \u00d6land \u00e4r sommaren full av olika evenemang f\u00f6r olika \u00e5ldrar och smaker. Delta i olika t\u00e4vlingar, utforska utst\u00e4llningar eller lyssna till h\u00e4rlig musik. Kolla in evenemangskalendern och hitta ditt evenemanget f\u00f6r dig och ditt s\u00e4llskap!\u00a0 Evenemangskalender \u00a0Vi p\u00e5 Strand Borgholm st\u00e5r redo som din trygga [&hellip;]<\/p>\n","protected":false},"author":10,"featured_media":18738,"parent":0,"menu_order":7,"comment_status":"closed","ping_status":"closed","template":"","meta":{"_acf_changed":false,"footnotes":""},"page_insights":[],"class_list":["post-21353","page","type-page","status-publish","has-post-thumbnail","hentry"],"acf":[],"yoast_head":"<!-- This site is optimized with the Yoast SEO Premium plugin v21.7 (Yoast SEO v24.5) - https:\/\/yoast.com\/wordpress\/plugins\/seo\/ -->\n<title>Evenemangskalender |\u00a0Strand Borgholm<\/title>\n<meta name=\"description\" content=\"Evenemangskalender om vad som h\u00e4nder p\u00e5 \u00d6land i sommar.\" \/>\n<meta name=\"robots\" content=\"index, follow, max-snippet:-1, max-image-preview:large, max-video-preview:-1\" \/>\n<link rel=\"canonical\" href=\"https:\/\/strandborgholm.se\/evenemangskalender\/\" \/>\n<meta property=\"og:locale\" content=\"da_DK\" \/>\n<meta property=\"og:type\" content=\"article\" \/>\n<meta property=\"og:title\" content=\"Evenemangskalender |\u00a0Strand Borgholm\" \/>\n<meta property=\"og:description\" content=\"Evenemangskalender om vad som h\u00e4nder p\u00e5 \u00d6land i sommar.\" \/>\n<meta property=\"og:url\" content=\"https:\/\/strandborgholm.se\/evenemangskalender\/\" \/>\n<meta property=\"og:site_name\" content=\"Strand Borgholm\" \/>\n<meta property=\"article:publisher\" content=\"https:\/\/www.facebook.com\/strandhotellborgholm\" \/>\n<meta property=\"article:modified_time\" content=\"2024-06-28T07:10:37+00:00\" \/>\n<meta property=\"og:image\" content=\"https:\/\/strandborgholm.se\/wp-content\/uploads\/2023\/02\/strandborgholm-standard-1.jpg\" \/>\n\t<meta property=\"og:image:width\" content=\"1024\" \/>\n\t<meta property=\"og:image:height\" content=\"768\" \/>\n\t<meta property=\"og:image:type\" content=\"image\/jpeg\" \/>\n<meta name=\"twitter:card\" content=\"summary_large_image\" \/>\n<meta name=\"twitter:title\" content=\"Evenemangskalender |\u00a0Strand Borgholm\" \/>\n<meta name=\"twitter:description\" content=\"Evenemangskalender om vad som h\u00e4nder p\u00e5 \u00d6land i sommar.\" \/>\n<meta name=\"twitter:label1\" content=\"Estimeret l\u00e6setid\" \/>\n\t<meta name=\"twitter:data1\" content=\"1 minut\" \/>\n<script type=\"application\/ld+json\" class=\"yoast-schema-graph\">{\"@context\":\"https:\/\/schema.org\",\"@graph\":[{\"@type\":\"WebPage\",\"@id\":\"https:\/\/strandborgholm.se\/evenemangskalender\/\",\"url\":\"https:\/\/strandborgholm.se\/evenemangskalender\/\",\"name\":\"Evenemangskalender |\u00a0Strand Borgholm\",\"isPartOf\":{\"@id\":\"https:\/\/strandborgholm.se\/#website\"},\"primaryImageOfPage\":{\"@id\":\"https:\/\/strandborgholm.se\/evenemangskalender\/#primaryimage\"},\"image\":{\"@id\":\"https:\/\/strandborgholm.se\/evenemangskalender\/#primaryimage\"},\"thumbnailUrl\":\"https:\/\/strandborgholm.se\/wp-content\/uploads\/2023\/02\/strandborgholm-standard-1.jpg\",\"datePublished\":\"2024-06-26T14:13:10+00:00\",\"dateModified\":\"2024-06-28T07:10:37+00:00\",\"description\":\"Evenemangskalender om vad som h\u00e4nder p\u00e5 \u00d6land i sommar.\",\"breadcrumb\":{\"@id\":\"https:\/\/strandborgholm.se\/evenemangskalender\/#breadcrumb\"},\"inLanguage\":\"da-DK\",\"potentialAction\":[{\"@type\":\"ReadAction\",\"target\":[\"https:\/\/strandborgholm.se\/evenemangskalender\/\"]}]},{\"@type\":\"ImageObject\",\"inLanguage\":\"da-DK\",\"@id\":\"https:\/\/strandborgholm.se\/evenemangskalender\/#primaryimage\",\"url\":\"https:\/\/strandborgholm.se\/wp-content\/uploads\/2023\/02\/strandborgholm-standard-1.jpg\",\"contentUrl\":\"https:\/\/strandborgholm.se\/wp-content\/uploads\/2023\/02\/strandborgholm-standard-1.jpg\",\"width\":1024,\"height\":768},{\"@type\":\"BreadcrumbList\",\"@id\":\"https:\/\/strandborgholm.se\/evenemangskalender\/#breadcrumb\",\"itemListElement\":[{\"@type\":\"ListItem\",\"position\":1,\"name\":\"Hem\",\"item\":\"https:\/\/strandborgholm.se\/\"},{\"@type\":\"ListItem\",\"position\":2,\"name\":\"Evenemangskalender\"}]},{\"@type\":\"WebSite\",\"@id\":\"https:\/\/strandborgholm.se\/#website\",\"url\":\"https:\/\/strandborgholm.se\/\",\"name\":\"Strand Borgholm\",\"description\":\"En klassisk m\u00f6tesplats p\u00e5 \u00d6land\",\"publisher\":{\"@id\":\"https:\/\/strandborgholm.se\/#organization\"},\"potentialAction\":[{\"@type\":\"SearchAction\",\"target\":{\"@type\":\"EntryPoint\",\"urlTemplate\":\"https:\/\/strandborgholm.se\/?s={search_term_string}\"},\"query-input\":{\"@type\":\"PropertyValueSpecification\",\"valueRequired\":true,\"valueName\":\"search_term_string\"}}],\"inLanguage\":\"da-DK\"},{\"@type\":\"Organization\",\"@id\":\"https:\/\/strandborgholm.se\/#organization\",\"name\":\"Strand Hotell Borgholm\",\"url\":\"https:\/\/strandborgholm.se\/\",\"logo\":{\"@type\":\"ImageObject\",\"inLanguage\":\"da-DK\",\"@id\":\"https:\/\/strandborgholm.se\/#\/schema\/logo\/image\/\",\"url\":\"\",\"contentUrl\":\"\",\"caption\":\"Strand Hotell Borgholm\"},\"image\":{\"@id\":\"https:\/\/strandborgholm.se\/#\/schema\/logo\/image\/\"},\"sameAs\":[\"https:\/\/www.facebook.com\/strandhotellborgholm\"]}]}<\/script>\n<!-- \/ Yoast SEO Premium plugin. -->","yoast_head_json":{"title":"Evenemangskalender |\u00a0Strand Borgholm","description":"Evenemangskalender om vad som h\u00e4nder p\u00e5 \u00d6land i sommar.","robots":{"index":"index","follow":"follow","max-snippet":"max-snippet:-1","max-image-preview":"max-image-preview:large","max-video-preview":"max-video-preview:-1"},"canonical":"https:\/\/strandborgholm.se\/evenemangskalender\/","og_locale":"da_DK","og_type":"article","og_title":"Evenemangskalender |\u00a0Strand Borgholm","og_description":"Evenemangskalender om vad som h\u00e4nder p\u00e5 \u00d6land i sommar.","og_url":"https:\/\/strandborgholm.se\/evenemangskalender\/","og_site_name":"Strand Borgholm","article_publisher":"https:\/\/www.facebook.com\/strandhotellborgholm","article_modified_time":"2024-06-28T07:10:37+00:00","og_image":[{"width":1024,"height":768,"url":"https:\/\/strandborgholm.se\/wp-content\/uploads\/2023\/02\/strandborgholm-standard-1.jpg","type":"image\/jpeg"}],"twitter_card":"summary_large_image","twitter_title":"Evenemangskalender |\u00a0Strand Borgholm","twitter_description":"Evenemangskalender om vad som h\u00e4nder p\u00e5 \u00d6land i sommar.","twitter_misc":{"Estimeret l\u00e6setid":"1 minut"},"schema":{"@context":"https:\/\/schema.org","@graph":[{"@type":"WebPage","@id":"https:\/\/strandborgholm.se\/evenemangskalender\/","url":"https:\/\/strandborgholm.se\/evenemangskalender\/","name":"Evenemangskalender |\u00a0Strand Borgholm","isPartOf":{"@id":"https:\/\/strandborgholm.se\/#website"},"primaryImageOfPage":{"@id":"https:\/\/strandborgholm.se\/evenemangskalender\/#primaryimage"},"image":{"@id":"https:\/\/strandborgholm.se\/evenemangskalender\/#primaryimage"},"thumbnailUrl":"https:\/\/strandborgholm.se\/wp-content\/uploads\/2023\/02\/strandborgholm-standard-1.jpg","datePublished":"2024-06-26T14:13:10+00:00","dateModified":"2024-06-28T07:10:37+00:00","description":"Evenemangskalender om vad som h\u00e4nder p\u00e5 \u00d6land i sommar.","breadcrumb":{"@id":"https:\/\/strandborgholm.se\/evenemangskalender\/#breadcrumb"},"inLanguage":"da-DK","potentialAction":[{"@type":"ReadAction","target":["https:\/\/strandborgholm.se\/evenemangskalender\/"]}]},{"@type":"ImageObject","inLanguage":"da-DK","@id":"https:\/\/strandborgholm.se\/evenemangskalender\/#primaryimage","url":"https:\/\/strandborgholm.se\/wp-content\/uploads\/2023\/02\/strandborgholm-standard-1.jpg","contentUrl":"https:\/\/strandborgholm.se\/wp-content\/uploads\/2023\/02\/strandborgholm-standard-1.jpg","width":1024,"height":768},{"@type":"BreadcrumbList","@id":"https:\/\/strandborgholm.se\/evenemangskalender\/#breadcrumb","itemListElement":[{"@type":"ListItem","position":1,"name":"Hem","item":"https:\/\/strandborgholm.se\/"},{"@type":"ListItem","position":2,"name":"Evenemangskalender"}]},{"@type":"WebSite","@id":"https:\/\/strandborgholm.se\/#website","url":"https:\/\/strandborgholm.se\/","name":"Strand Borgholm","description":"En klassisk m\u00f6tesplats p\u00e5 \u00d6land","publisher":{"@id":"https:\/\/strandborgholm.se\/#organization"},"potentialAction":[{"@type":"SearchAction","target":{"@type":"EntryPoint","urlTemplate":"https:\/\/strandborgholm.se\/?s={search_term_string}"},"query-input":{"@type":"PropertyValueSpecification","valueRequired":true,"valueName":"search_term_string"}}],"inLanguage":"da-DK"},{"@type":"Organization","@id":"https:\/\/strandborgholm.se\/#organization","name":"Strand Hotell Borgholm","url":"https:\/\/strandborgholm.se\/","logo":{"@type":"ImageObject","inLanguage":"da-DK","@id":"https:\/\/strandborgholm.se\/#\/schema\/logo\/image\/","url":"","contentUrl":"","caption":"Strand Hotell Borgholm"},"image":{"@id":"https:\/\/strandborgholm.se\/#\/schema\/logo\/image\/"},"sameAs":["https:\/\/www.facebook.com\/strandhotellborgholm"]}]}},"_links":{"self":[{"href":"https:\/\/strandborgholm.se\/da\/wp-json\/wp\/v2\/pages\/21353","targetHints":{"allow":["GET"]}}],"collection":[{"href":"https:\/\/strandborgholm.se\/da\/wp-json\/wp\/v2\/pages"}],"about":[{"href":"https:\/\/strandborgholm.se\/da\/wp-json\/wp\/v2\/types\/page"}],"author":[{"embeddable":true,"href":"https:\/\/strandborgholm.se\/da\/wp-json\/wp\/v2\/users\/10"}],"replies":[{"embeddable":true,"href":"https:\/\/strandborgholm.se\/da\/wp-json\/wp\/v2\/comments?post=21353"}],"version-history":[{"count":49,"href":"https:\/\/strandborgholm.se\/da\/wp-json\/wp\/v2\/pages\/21353\/revisions"}],"predecessor-version":[{"id":21660,"href":"https:\/\/strandborgholm.se\/da\/wp-json\/wp\/v2\/pages\/21353\/revisions\/21660"}],"wp:featuredmedia":[{"embeddable":true,"href":"https:\/\/strandborgholm.se\/da\/wp-json\/wp\/v2\/media\/18738"}],"wp:attachment":[{"href":"https:\/\/strandborgholm.se\/da\/wp-json\/wp\/v2\/media?parent=21353"}],"wp:term":[{"taxonomy":"page_insights","embeddable":true,"href":"https:\/\/strandborgholm.se\/da\/wp-json\/wp\/v2\/page_insights?post=21353"}],"curies":[{"name":"wp","href":"https:\/\/api.w.org\/{rel}","templated":true}]}}