{"id":3,"date":"2019-02-21T10:21:54","date_gmt":"2019-02-21T09:21:54","guid":{"rendered":"http:\/\/elementorv2.bravo.utvecklingswebb.se\/?page_id=3"},"modified":"2023-02-14T16:46:40","modified_gmt":"2023-02-14T15:46:40","slug":"dataskyddspolicy","status":"publish","type":"page","link":"https:\/\/strandborgholm.se\/da\/dataskyddspolicy\/","title":{"rendered":"Dataskyddspolicy"},"content":{"rendered":"\t\t<div data-elementor-type=\"wp-page\" data-elementor-id=\"3\" class=\"elementor elementor-3\" data-elementor-post-type=\"page\">\n\t\t\t\t\t\t<header class=\"elementor-section elementor-top-section elementor-element elementor-element-7f2f882 animated-slow elementor-section-height-min-height elementor-section-items-stretch elementor-section-boxed elementor-section-height-default elementor-invisible\" data-id=\"7f2f882\" data-element_type=\"section\" data-settings=\"{&quot;animation&quot;:&quot;fadeIn&quot;}\">\n\t\t\t\t\t\t<div class=\"elementor-container elementor-column-gap-default\">\n\t\t\t\t\t<div class=\"elementor-column elementor-col-100 elementor-top-column elementor-element elementor-element-71161f3\" data-id=\"71161f3\" data-element_type=\"column\">\n\t\t\t<div class=\"elementor-widget-wrap elementor-element-populated\">\n\t\t\t\t\t\t<div class=\"elementor-element elementor-element-5fc152a elementor-widget elementor-widget-heading\" data-id=\"5fc152a\" data-element_type=\"widget\" data-widget_type=\"heading.default\">\n\t\t\t\t<div class=\"elementor-widget-container\">\n\t\t\t\t\t<h5 class=\"elementor-heading-title elementor-size-default\">Dataskyddspolicy<\/h5>\t\t\t\t<\/div>\n\t\t\t\t<\/div>\n\t\t\t\t<div class=\"elementor-element elementor-element-f8c6d9a elementor-widget elementor-widget-heading\" data-id=\"f8c6d9a\" data-element_type=\"widget\" data-widget_type=\"heading.default\">\n\t\t\t\t<div class=\"elementor-widget-container\">\n\t\t\t\t\t<h1 class=\"elementor-heading-title elementor-size-default\">GDPR<\/h1>\t\t\t\t<\/div>\n\t\t\t\t<\/div>\n\t\t\t\t\t<\/div>\n\t\t<\/div>\n\t\t\t\t\t<\/div>\n\t\t<\/header>\n\t\t\t\t<section data-dce-background-color=\"#F3F4F5\" class=\"elementor-section elementor-top-section elementor-element elementor-element-859ec5d elementor-section-full_width elementor-section-height-default elementor-section-height-default\" data-id=\"859ec5d\" data-element_type=\"section\" id=\"scrolltome\" data-settings=\"{&quot;background_background&quot;:&quot;classic&quot;}\">\n\t\t\t\t\t\t<div class=\"elementor-container elementor-column-gap-default\">\n\t\t\t\t\t<div class=\"elementor-column elementor-col-100 elementor-top-column elementor-element elementor-element-f8a5de2\" data-id=\"f8a5de2\" data-element_type=\"column\">\n\t\t\t<div class=\"elementor-widget-wrap elementor-element-populated\">\n\t\t\t\t\t\t<section class=\"elementor-section elementor-inner-section elementor-element elementor-element-7016921 elementor-section-boxed elementor-section-height-default elementor-section-height-default\" data-id=\"7016921\" data-element_type=\"section\">\n\t\t\t\t\t\t<div class=\"elementor-container elementor-column-gap-wide\">\n\t\t\t\t\t<div class=\"elementor-column elementor-col-50 elementor-inner-column elementor-element elementor-element-e48ed8d\" data-id=\"e48ed8d\" data-element_type=\"column\">\n\t\t\t<div class=\"elementor-widget-wrap elementor-element-populated\">\n\t\t\t\t\t\t<div class=\"elementor-element elementor-element-5338d18 elementor-widget elementor-widget-heading\" data-id=\"5338d18\" data-element_type=\"widget\" data-widget_type=\"heading.default\">\n\t\t\t\t<div class=\"elementor-widget-container\">\n\t\t\t\t\t<h2 class=\"elementor-heading-title elementor-size-default\">Din data, ditt val.<\/h2>\t\t\t\t<\/div>\n\t\t\t\t<\/div>\n\t\t\t\t\t<\/div>\n\t\t<\/div>\n\t\t\t\t<div class=\"elementor-column elementor-col-50 elementor-inner-column elementor-element elementor-element-3784ef0\" data-id=\"3784ef0\" data-element_type=\"column\">\n\t\t\t<div class=\"elementor-widget-wrap elementor-element-populated\">\n\t\t\t\t\t\t\t<\/div>\n\t\t<\/div>\n\t\t\t\t\t<\/div>\n\t\t<\/section>\n\t\t\t\t\t<\/div>\n\t\t<\/div>\n\t\t\t\t\t<\/div>\n\t\t<\/section>\n\t\t\t\t<\/div>\n\t\t","protected":false},"excerpt":{"rendered":"<p>GDPR Din data, ditt val.<\/p>\n","protected":false},"author":3,"featured_media":0,"parent":0,"menu_order":1000,"comment_status":"closed","ping_status":"closed","template":"elementor_header_footer","meta":{"_acf_changed":false,"footnotes":""},"page_insights":[],"class_list":["post-3","page","type-page","status-publish","hentry"],"acf":[],"yoast_head":"<!-- This site is optimized with the Yoast SEO Premium plugin v21.7 (Yoast SEO v24.5) - https:\/\/yoast.com\/wordpress\/plugins\/seo\/ -->\n<title>Dataskyddspolicy | Strand Borgholm<\/title>\n<meta name=\"robots\" content=\"index, follow, max-snippet:-1, max-image-preview:large, max-video-preview:-1\" \/>\n<link rel=\"canonical\" href=\"https:\/\/strandborgholm.se\/dataskyddspolicy\/\" \/>\n<meta property=\"og:locale\" content=\"da_DK\" \/>\n<meta property=\"og:type\" content=\"article\" \/>\n<meta property=\"og:title\" content=\"Dataskyddspolicy\" \/>\n<meta property=\"og:description\" content=\"GDPR Din data, ditt val.\" \/>\n<meta property=\"og:url\" content=\"https:\/\/strandborgholm.se\/dataskyddspolicy\/\" \/>\n<meta property=\"og:site_name\" content=\"Strand Borgholm\" \/>\n<meta property=\"article:publisher\" content=\"https:\/\/www.facebook.com\/strandhotellborgholm\" \/>\n<meta property=\"article:modified_time\" content=\"2023-02-14T15:46:40+00:00\" \/>\n<meta property=\"og:image\" content=\"https:\/\/strandborgholm.se\/wp-content\/uploads\/2023\/02\/strandborgholm-standard.jpg\" \/>\n\t<meta property=\"og:image:width\" content=\"1024\" \/>\n\t<meta property=\"og:image:height\" content=\"768\" \/>\n\t<meta property=\"og:image:type\" content=\"image\/jpeg\" \/>\n<meta name=\"twitter:card\" content=\"summary_large_image\" \/>\n<script type=\"application\/ld+json\" class=\"yoast-schema-graph\">{\"@context\":\"https:\/\/schema.org\",\"@graph\":[{\"@type\":\"WebPage\",\"@id\":\"https:\/\/strandborgholm.se\/dataskyddspolicy\/\",\"url\":\"https:\/\/strandborgholm.se\/dataskyddspolicy\/\",\"name\":\"Dataskyddspolicy | Strand Borgholm\",\"isPartOf\":{\"@id\":\"https:\/\/strandborgholm.se\/#website\"},\"datePublished\":\"2019-02-21T09:21:54+00:00\",\"dateModified\":\"2023-02-14T15:46:40+00:00\",\"breadcrumb\":{\"@id\":\"https:\/\/strandborgholm.se\/dataskyddspolicy\/#breadcrumb\"},\"inLanguage\":\"da-DK\",\"potentialAction\":[{\"@type\":\"ReadAction\",\"target\":[\"https:\/\/strandborgholm.se\/dataskyddspolicy\/\"]}]},{\"@type\":\"BreadcrumbList\",\"@id\":\"https:\/\/strandborgholm.se\/dataskyddspolicy\/#breadcrumb\",\"itemListElement\":[{\"@type\":\"ListItem\",\"position\":1,\"name\":\"Hem\",\"item\":\"https:\/\/strandborgholm.se\/\"},{\"@type\":\"ListItem\",\"position\":2,\"name\":\"Dataskyddspolicy\"}]},{\"@type\":\"WebSite\",\"@id\":\"https:\/\/strandborgholm.se\/#website\",\"url\":\"https:\/\/strandborgholm.se\/\",\"name\":\"Strand Borgholm\",\"description\":\"En klassisk m\u00f6tesplats p\u00e5 \u00d6land\",\"publisher\":{\"@id\":\"https:\/\/strandborgholm.se\/#organization\"},\"potentialAction\":[{\"@type\":\"SearchAction\",\"target\":{\"@type\":\"EntryPoint\",\"urlTemplate\":\"https:\/\/strandborgholm.se\/?s={search_term_string}\"},\"query-input\":{\"@type\":\"PropertyValueSpecification\",\"valueRequired\":true,\"valueName\":\"search_term_string\"}}],\"inLanguage\":\"da-DK\"},{\"@type\":\"Organization\",\"@id\":\"https:\/\/strandborgholm.se\/#organization\",\"name\":\"Strand Hotell Borgholm\",\"url\":\"https:\/\/strandborgholm.se\/\",\"logo\":{\"@type\":\"ImageObject\",\"inLanguage\":\"da-DK\",\"@id\":\"https:\/\/strandborgholm.se\/#\/schema\/logo\/image\/\",\"url\":\"\",\"contentUrl\":\"\",\"caption\":\"Strand Hotell Borgholm\"},\"image\":{\"@id\":\"https:\/\/strandborgholm.se\/#\/schema\/logo\/image\/\"},\"sameAs\":[\"https:\/\/www.facebook.com\/strandhotellborgholm\"]}]}<\/script>\n<!-- \/ Yoast SEO Premium plugin. -->","yoast_head_json":{"title":"Dataskyddspolicy | Strand Borgholm","robots":{"index":"index","follow":"follow","max-snippet":"max-snippet:-1","max-image-preview":"max-image-preview:large","max-video-preview":"max-video-preview:-1"},"canonical":"https:\/\/strandborgholm.se\/dataskyddspolicy\/","og_locale":"da_DK","og_type":"article","og_title":"Dataskyddspolicy","og_description":"GDPR Din data, ditt val.","og_url":"https:\/\/strandborgholm.se\/dataskyddspolicy\/","og_site_name":"Strand Borgholm","article_publisher":"https:\/\/www.facebook.com\/strandhotellborgholm","article_modified_time":"2023-02-14T15:46:40+00:00","og_image":[{"width":1024,"height":768,"url":"https:\/\/strandborgholm.se\/wp-content\/uploads\/2023\/02\/strandborgholm-standard.jpg","type":"image\/jpeg"}],"twitter_card":"summary_large_image","schema":{"@context":"https:\/\/schema.org","@graph":[{"@type":"WebPage","@id":"https:\/\/strandborgholm.se\/dataskyddspolicy\/","url":"https:\/\/strandborgholm.se\/dataskyddspolicy\/","name":"Dataskyddspolicy | Strand Borgholm","isPartOf":{"@id":"https:\/\/strandborgholm.se\/#website"},"datePublished":"2019-02-21T09:21:54+00:00","dateModified":"2023-02-14T15:46:40+00:00","breadcrumb":{"@id":"https:\/\/strandborgholm.se\/dataskyddspolicy\/#breadcrumb"},"inLanguage":"da-DK","potentialAction":[{"@type":"ReadAction","target":["https:\/\/strandborgholm.se\/dataskyddspolicy\/"]}]},{"@type":"BreadcrumbList","@id":"https:\/\/strandborgholm.se\/dataskyddspolicy\/#breadcrumb","itemListElement":[{"@type":"ListItem","position":1,"name":"Hem","item":"https:\/\/strandborgholm.se\/"},{"@type":"ListItem","position":2,"name":"Dataskyddspolicy"}]},{"@type":"WebSite","@id":"https:\/\/strandborgholm.se\/#website","url":"https:\/\/strandborgholm.se\/","name":"Strand Borgholm","description":"En klassisk m\u00f6tesplats p\u00e5 \u00d6land","publisher":{"@id":"https:\/\/strandborgholm.se\/#organization"},"potentialAction":[{"@type":"SearchAction","target":{"@type":"EntryPoint","urlTemplate":"https:\/\/strandborgholm.se\/?s={search_term_string}"},"query-input":{"@type":"PropertyValueSpecification","valueRequired":true,"valueName":"search_term_string"}}],"inLanguage":"da-DK"},{"@type":"Organization","@id":"https:\/\/strandborgholm.se\/#organization","name":"Strand Hotell Borgholm","url":"https:\/\/strandborgholm.se\/","logo":{"@type":"ImageObject","inLanguage":"da-DK","@id":"https:\/\/strandborgholm.se\/#\/schema\/logo\/image\/","url":"","contentUrl":"","caption":"Strand Hotell Borgholm"},"image":{"@id":"https:\/\/strandborgholm.se\/#\/schema\/logo\/image\/"},"sameAs":["https:\/\/www.facebook.com\/strandhotellborgholm"]}]}},"_links":{"self":[{"href":"https:\/\/strandborgholm.se\/da\/wp-json\/wp\/v2\/pages\/3","targetHints":{"allow":["GET"]}}],"collection":[{"href":"https:\/\/strandborgholm.se\/da\/wp-json\/wp\/v2\/pages"}],"about":[{"href":"https:\/\/strandborgholm.se\/da\/wp-json\/wp\/v2\/types\/page"}],"author":[{"embeddable":true,"href":"https:\/\/strandborgholm.se\/da\/wp-json\/wp\/v2\/users\/3"}],"replies":[{"embeddable":true,"href":"https:\/\/strandborgholm.se\/da\/wp-json\/wp\/v2\/comments?post=3"}],"version-history":[{"count":0,"href":"https:\/\/strandborgholm.se\/da\/wp-json\/wp\/v2\/pages\/3\/revisions"}],"wp:attachment":[{"href":"https:\/\/strandborgholm.se\/da\/wp-json\/wp\/v2\/media?parent=3"}],"wp:term":[{"taxonomy":"page_insights","embeddable":true,"href":"https:\/\/strandborgholm.se\/da\/wp-json\/wp\/v2\/page_insights?post=3"}],"curies":[{"name":"wp","href":"https:\/\/api.w.org\/{rel}","templated":true}]}}