{"id":20372,"date":"2024-01-18T17:33:48","date_gmt":"2024-01-18T16:33:48","guid":{"rendered":"https:\/\/strandborgholm.se\/?page_id=20372"},"modified":"2024-01-18T17:34:41","modified_gmt":"2024-01-18T16:34:41","slug":"restaurang-bar","status":"publish","type":"page","link":"https:\/\/strandborgholm.se\/de\/jobba-hos-oss\/restaurang-bar\/","title":{"rendered":"Restaurang &#038; Bar"},"content":{"rendered":"\t\t<div data-elementor-type=\"wp-page\" data-elementor-id=\"20372\" class=\"elementor elementor-20372\" data-elementor-post-type=\"page\">\n\t\t\t\t\t\t<header data-dce-background-color=\"#FFFFFF\" data-dce-background-overlay-color=\"#18191A00\" class=\"elementor-section elementor-top-section elementor-element elementor-element-0ea1b32 elementor-section-items-stretch elementor-section-height-min-height elementor-section-boxed elementor-section-height-default\" data-id=\"0ea1b32\" data-element_type=\"section\" data-settings=\"{&quot;background_background&quot;:&quot;video&quot;,&quot;background_play_on_mobile&quot;:&quot;yes&quot;,&quot;background_video_link&quot;:&quot;https:\\\/\\\/strandborgholm.se\\\/wp-content\\\/uploads\\\/2023\\\/01\\\/Olandsfilmen_1-1.mp4&quot;}\">\n\t\t\t\t\t\t\t\t<div class=\"elementor-background-video-container\">\n\t\t\t\t\t\t\t\t\t\t\t\t\t<video class=\"elementor-background-video-hosted\" autoplay muted playsinline loop><\/video>\n\t\t\t\t\t\t\t\t\t\t\t<\/div>\n\t\t\t\t\t\t\t\t\t<div class=\"elementor-background-overlay\"><\/div>\n\t\t\t\t\t\t\t<div class=\"elementor-container elementor-column-gap-default\">\n\t\t\t\t\t<div class=\"elementor-column elementor-col-100 elementor-top-column elementor-element elementor-element-7d849a1\" data-id=\"7d849a1\" data-element_type=\"column\">\n\t\t\t<div class=\"elementor-widget-wrap elementor-element-populated\">\n\t\t\t\t\t\t<section class=\"elementor-section elementor-inner-section elementor-element elementor-element-b039afb elementor-section-boxed elementor-section-height-default elementor-section-height-default\" data-id=\"b039afb\" data-element_type=\"section\" data-settings=\"{&quot;background_background&quot;:&quot;video&quot;}\">\n\t\t\t\t\t\t<div class=\"elementor-container elementor-column-gap-default\">\n\t\t\t\t\t<div class=\"elementor-column elementor-col-100 elementor-inner-column elementor-element elementor-element-49feca8\" data-id=\"49feca8\" data-element_type=\"column\">\n\t\t\t<div class=\"elementor-widget-wrap elementor-element-populated\">\n\t\t\t\t\t\t<div class=\"elementor-element elementor-element-4b46676 elementor-widget elementor-widget-heading\" data-id=\"4b46676\" data-element_type=\"widget\" data-widget_type=\"heading.default\">\n\t\t\t\t<div class=\"elementor-widget-container\">\n\t\t\t\t\t<h5 class=\"elementor-heading-title elementor-size-default\">STRAND BORGHOLM<\/h5>\t\t\t\t<\/div>\n\t\t\t\t<\/div>\n\t\t\t\t<div class=\"elementor-element elementor-element-32cecc6 elementor-widget elementor-widget-heading\" data-id=\"32cecc6\" data-element_type=\"widget\" data-widget_type=\"heading.default\">\n\t\t\t\t<div class=\"elementor-widget-container\">\n\t\t\t\t\t<h1 class=\"elementor-heading-title elementor-size-default\">Restaurang &amp; Bar<\/h1>\t\t\t\t<\/div>\n\t\t\t\t<\/div>\n\t\t\t\t\t<\/div>\n\t\t<\/div>\n\t\t\t\t\t<\/div>\n\t\t<\/section>\n\t\t\t\t\t<\/div>\n\t\t<\/div>\n\t\t\t\t\t<\/div>\n\t\t<\/header>\n\t\t\t\t<section data-dce-background-color=\"#1C1C1C\" class=\"elementor-section elementor-top-section elementor-element elementor-element-56bf6a0 elementor-section-boxed elementor-section-height-default elementor-section-height-default\" data-id=\"56bf6a0\" data-element_type=\"section\" data-settings=\"{&quot;background_background&quot;:&quot;classic&quot;}\">\n\t\t\t\t\t\t<div class=\"elementor-container elementor-column-gap-default\">\n\t\t\t\t\t<div class=\"elementor-column elementor-col-100 elementor-top-column elementor-element elementor-element-b3bbb25\" data-id=\"b3bbb25\" data-element_type=\"column\">\n\t\t\t<div class=\"elementor-widget-wrap elementor-element-populated\">\n\t\t\t\t\t\t<div class=\"elementor-element elementor-element-e7710fd elementor-widget elementor-widget-heading\" data-id=\"e7710fd\" data-element_type=\"widget\" data-widget_type=\"heading.default\">\n\t\t\t\t<div class=\"elementor-widget-container\">\n\t\t\t\t\t<h2 class=\"elementor-heading-title elementor-size-default\">V\u00e5ra aktuella jobb<\/h2>\t\t\t\t<\/div>\n\t\t\t\t<\/div>\n\t\t\t\t<div class=\"elementor-element elementor-element-998d09a elementor-posts--thumbnail-top elementor-grid-3 elementor-grid-tablet-2 elementor-grid-mobile-1 elementor-widget elementor-widget-posts\" data-id=\"998d09a\" data-element_type=\"widget\" data-settings=\"{&quot;custom_row_gap&quot;:{&quot;unit&quot;:&quot;px&quot;,&quot;size&quot;:20,&quot;sizes&quot;:[]},&quot;custom_columns&quot;:&quot;3&quot;,&quot;custom_columns_tablet&quot;:&quot;2&quot;,&quot;custom_columns_mobile&quot;:&quot;1&quot;,&quot;custom_row_gap_tablet&quot;:{&quot;unit&quot;:&quot;px&quot;,&quot;size&quot;:&quot;&quot;,&quot;sizes&quot;:[]},&quot;custom_row_gap_mobile&quot;:{&quot;unit&quot;:&quot;px&quot;,&quot;size&quot;:&quot;&quot;,&quot;sizes&quot;:[]}}\" data-widget_type=\"posts.custom\">\n\t\t\t\t<div class=\"elementor-widget-container\">\n\t\t\t\t\t      <div class=\"ecs-posts elementor-posts-container elementor-posts   elementor-grid elementor-posts--skin-custom\" data-settings=\"{&quot;current_page&quot;:1,&quot;max_num_pages&quot;:0,&quot;load_method&quot;:&quot;&quot;,&quot;widget_id&quot;:&quot;998d09a&quot;,&quot;post_id&quot;:20372,&quot;theme_id&quot;:20372,&quot;change_url&quot;:false,&quot;reinit_js&quot;:false}\">\n      <div class=\"elementor-posts-nothing-found\"><\/div>\t\t<\/div>\n\t\t\t\t\t\t<\/div>\n\t\t\t\t<\/div>\n\t\t\t\t\t<\/div>\n\t\t<\/div>\n\t\t\t\t\t<\/div>\n\t\t<\/section>\n\t\t\t\t<\/div>\n\t\t","protected":false},"excerpt":{"rendered":"<p>STRAND BORGHOLM Restaurang &#038; Bar V\u00e5ra aktuella jobb<\/p>\n","protected":false},"author":10,"featured_media":18738,"parent":18689,"menu_order":9,"comment_status":"closed","ping_status":"closed","template":"","meta":{"_acf_changed":false,"footnotes":""},"page_insights":[],"class_list":["post-20372","page","type-page","status-publish","has-post-thumbnail","hentry"],"acf":[],"yoast_head":"<!-- This site is optimized with the Yoast SEO Premium plugin v21.7 (Yoast SEO v24.5) - https:\/\/yoast.com\/wordpress\/plugins\/seo\/ -->\n<title>Jobba hos oss |\u00a0Strand Borgholm<\/title>\n<meta name=\"description\" content=\"Strand \u00e4r ett av de mest popul\u00e4ra hotellen p\u00e5 \u00d6land och \u00e4r ocks\u00e5 en av syd\u00f6stra Sveriges ledande konferensanl\u00e4ggningar.\" \/>\n<meta name=\"robots\" content=\"index, follow, max-snippet:-1, max-image-preview:large, max-video-preview:-1\" \/>\n<link rel=\"canonical\" href=\"https:\/\/strandborgholm.se\/jobba-hos-oss\/restaurang-bar\/\" \/>\n<meta property=\"og:locale\" content=\"de_DE\" \/>\n<meta property=\"og:type\" content=\"article\" \/>\n<meta property=\"og:title\" content=\"Jobba hos oss |\u00a0Strand Borgholm\" \/>\n<meta property=\"og:description\" content=\"Strand \u00e4r ett av de mest popul\u00e4ra hotellen p\u00e5 \u00d6land och \u00e4r ocks\u00e5 en av syd\u00f6stra Sveriges ledande konferensanl\u00e4ggningar.\" \/>\n<meta property=\"og:url\" content=\"https:\/\/strandborgholm.se\/jobba-hos-oss\/restaurang-bar\/\" \/>\n<meta property=\"og:site_name\" content=\"Strand Borgholm\" \/>\n<meta property=\"article:publisher\" content=\"https:\/\/www.facebook.com\/strandhotellborgholm\" \/>\n<meta property=\"article:modified_time\" content=\"2024-01-18T16:34:41+00:00\" \/>\n<meta property=\"og:image\" content=\"https:\/\/strandborgholm.se\/wp-content\/uploads\/2023\/02\/strandborgholm-standard-1.jpg\" \/>\n\t<meta property=\"og:image:width\" content=\"1024\" \/>\n\t<meta property=\"og:image:height\" content=\"768\" \/>\n\t<meta property=\"og:image:type\" content=\"image\/jpeg\" \/>\n<meta name=\"twitter:card\" content=\"summary_large_image\" \/>\n<meta name=\"twitter:title\" content=\"Jobba hos oss |\u00a0Strand Borgholm\" \/>\n<meta name=\"twitter:description\" content=\"Strand \u00e4r ett av de mest popul\u00e4ra hotellen p\u00e5 \u00d6land och \u00e4r ocks\u00e5 en av syd\u00f6stra Sveriges ledande konferensanl\u00e4ggningar.\" \/>\n<meta name=\"twitter:label1\" content=\"Gesch\u00e4tzte Lesezeit\" \/>\n\t<meta name=\"twitter:data1\" content=\"1\u00a0Minute\" \/>\n<script type=\"application\/ld+json\" class=\"yoast-schema-graph\">{\"@context\":\"https:\/\/schema.org\",\"@graph\":[{\"@type\":\"WebPage\",\"@id\":\"https:\/\/strandborgholm.se\/jobba-hos-oss\/restaurang-bar\/\",\"url\":\"https:\/\/strandborgholm.se\/jobba-hos-oss\/restaurang-bar\/\",\"name\":\"Jobba hos oss |\u00a0Strand Borgholm\",\"isPartOf\":{\"@id\":\"https:\/\/strandborgholm.se\/#website\"},\"primaryImageOfPage\":{\"@id\":\"https:\/\/strandborgholm.se\/jobba-hos-oss\/restaurang-bar\/#primaryimage\"},\"image\":{\"@id\":\"https:\/\/strandborgholm.se\/jobba-hos-oss\/restaurang-bar\/#primaryimage\"},\"thumbnailUrl\":\"https:\/\/strandborgholm.se\/wp-content\/uploads\/2023\/02\/strandborgholm-standard-1.jpg\",\"datePublished\":\"2024-01-18T16:33:48+00:00\",\"dateModified\":\"2024-01-18T16:34:41+00:00\",\"description\":\"Strand \u00e4r ett av de mest popul\u00e4ra hotellen p\u00e5 \u00d6land och \u00e4r ocks\u00e5 en av syd\u00f6stra Sveriges ledande konferensanl\u00e4ggningar.\",\"breadcrumb\":{\"@id\":\"https:\/\/strandborgholm.se\/jobba-hos-oss\/restaurang-bar\/#breadcrumb\"},\"inLanguage\":\"de\",\"potentialAction\":[{\"@type\":\"ReadAction\",\"target\":[\"https:\/\/strandborgholm.se\/jobba-hos-oss\/restaurang-bar\/\"]}]},{\"@type\":\"ImageObject\",\"inLanguage\":\"de\",\"@id\":\"https:\/\/strandborgholm.se\/jobba-hos-oss\/restaurang-bar\/#primaryimage\",\"url\":\"https:\/\/strandborgholm.se\/wp-content\/uploads\/2023\/02\/strandborgholm-standard-1.jpg\",\"contentUrl\":\"https:\/\/strandborgholm.se\/wp-content\/uploads\/2023\/02\/strandborgholm-standard-1.jpg\",\"width\":1024,\"height\":768},{\"@type\":\"BreadcrumbList\",\"@id\":\"https:\/\/strandborgholm.se\/jobba-hos-oss\/restaurang-bar\/#breadcrumb\",\"itemListElement\":[{\"@type\":\"ListItem\",\"position\":1,\"name\":\"Hem\",\"item\":\"https:\/\/strandborgholm.se\/\"},{\"@type\":\"ListItem\",\"position\":2,\"name\":\"Jobba hos oss\",\"item\":\"https:\/\/strandborgholm.se\/jobba-hos-oss\/\"},{\"@type\":\"ListItem\",\"position\":3,\"name\":\"Restaurang &#038; Bar\"}]},{\"@type\":\"WebSite\",\"@id\":\"https:\/\/strandborgholm.se\/#website\",\"url\":\"https:\/\/strandborgholm.se\/\",\"name\":\"Strand Borgholm\",\"description\":\"En klassisk m\u00f6tesplats p\u00e5 \u00d6land\",\"publisher\":{\"@id\":\"https:\/\/strandborgholm.se\/#organization\"},\"potentialAction\":[{\"@type\":\"SearchAction\",\"target\":{\"@type\":\"EntryPoint\",\"urlTemplate\":\"https:\/\/strandborgholm.se\/?s={search_term_string}\"},\"query-input\":{\"@type\":\"PropertyValueSpecification\",\"valueRequired\":true,\"valueName\":\"search_term_string\"}}],\"inLanguage\":\"de\"},{\"@type\":\"Organization\",\"@id\":\"https:\/\/strandborgholm.se\/#organization\",\"name\":\"Strand Hotell Borgholm\",\"url\":\"https:\/\/strandborgholm.se\/\",\"logo\":{\"@type\":\"ImageObject\",\"inLanguage\":\"de\",\"@id\":\"https:\/\/strandborgholm.se\/#\/schema\/logo\/image\/\",\"url\":\"\",\"contentUrl\":\"\",\"caption\":\"Strand Hotell Borgholm\"},\"image\":{\"@id\":\"https:\/\/strandborgholm.se\/#\/schema\/logo\/image\/\"},\"sameAs\":[\"https:\/\/www.facebook.com\/strandhotellborgholm\"]}]}<\/script>\n<!-- \/ Yoast SEO Premium plugin. -->","yoast_head_json":{"title":"Jobba hos oss |\u00a0Strand Borgholm","description":"Strand \u00e4r ett av de mest popul\u00e4ra hotellen p\u00e5 \u00d6land och \u00e4r ocks\u00e5 en av syd\u00f6stra Sveriges ledande konferensanl\u00e4ggningar.","robots":{"index":"index","follow":"follow","max-snippet":"max-snippet:-1","max-image-preview":"max-image-preview:large","max-video-preview":"max-video-preview:-1"},"canonical":"https:\/\/strandborgholm.se\/jobba-hos-oss\/restaurang-bar\/","og_locale":"de_DE","og_type":"article","og_title":"Jobba hos oss |\u00a0Strand Borgholm","og_description":"Strand \u00e4r ett av de mest popul\u00e4ra hotellen p\u00e5 \u00d6land och \u00e4r ocks\u00e5 en av syd\u00f6stra Sveriges ledande konferensanl\u00e4ggningar.","og_url":"https:\/\/strandborgholm.se\/jobba-hos-oss\/restaurang-bar\/","og_site_name":"Strand Borgholm","article_publisher":"https:\/\/www.facebook.com\/strandhotellborgholm","article_modified_time":"2024-01-18T16:34:41+00:00","og_image":[{"width":1024,"height":768,"url":"https:\/\/strandborgholm.se\/wp-content\/uploads\/2023\/02\/strandborgholm-standard-1.jpg","type":"image\/jpeg"}],"twitter_card":"summary_large_image","twitter_title":"Jobba hos oss |\u00a0Strand Borgholm","twitter_description":"Strand \u00e4r ett av de mest popul\u00e4ra hotellen p\u00e5 \u00d6land och \u00e4r ocks\u00e5 en av syd\u00f6stra Sveriges ledande konferensanl\u00e4ggningar.","twitter_misc":{"Gesch\u00e4tzte Lesezeit":"1\u00a0Minute"},"schema":{"@context":"https:\/\/schema.org","@graph":[{"@type":"WebPage","@id":"https:\/\/strandborgholm.se\/jobba-hos-oss\/restaurang-bar\/","url":"https:\/\/strandborgholm.se\/jobba-hos-oss\/restaurang-bar\/","name":"Jobba hos oss |\u00a0Strand Borgholm","isPartOf":{"@id":"https:\/\/strandborgholm.se\/#website"},"primaryImageOfPage":{"@id":"https:\/\/strandborgholm.se\/jobba-hos-oss\/restaurang-bar\/#primaryimage"},"image":{"@id":"https:\/\/strandborgholm.se\/jobba-hos-oss\/restaurang-bar\/#primaryimage"},"thumbnailUrl":"https:\/\/strandborgholm.se\/wp-content\/uploads\/2023\/02\/strandborgholm-standard-1.jpg","datePublished":"2024-01-18T16:33:48+00:00","dateModified":"2024-01-18T16:34:41+00:00","description":"Strand \u00e4r ett av de mest popul\u00e4ra hotellen p\u00e5 \u00d6land och \u00e4r ocks\u00e5 en av syd\u00f6stra Sveriges ledande konferensanl\u00e4ggningar.","breadcrumb":{"@id":"https:\/\/strandborgholm.se\/jobba-hos-oss\/restaurang-bar\/#breadcrumb"},"inLanguage":"de","potentialAction":[{"@type":"ReadAction","target":["https:\/\/strandborgholm.se\/jobba-hos-oss\/restaurang-bar\/"]}]},{"@type":"ImageObject","inLanguage":"de","@id":"https:\/\/strandborgholm.se\/jobba-hos-oss\/restaurang-bar\/#primaryimage","url":"https:\/\/strandborgholm.se\/wp-content\/uploads\/2023\/02\/strandborgholm-standard-1.jpg","contentUrl":"https:\/\/strandborgholm.se\/wp-content\/uploads\/2023\/02\/strandborgholm-standard-1.jpg","width":1024,"height":768},{"@type":"BreadcrumbList","@id":"https:\/\/strandborgholm.se\/jobba-hos-oss\/restaurang-bar\/#breadcrumb","itemListElement":[{"@type":"ListItem","position":1,"name":"Hem","item":"https:\/\/strandborgholm.se\/"},{"@type":"ListItem","position":2,"name":"Jobba hos oss","item":"https:\/\/strandborgholm.se\/jobba-hos-oss\/"},{"@type":"ListItem","position":3,"name":"Restaurang &#038; Bar"}]},{"@type":"WebSite","@id":"https:\/\/strandborgholm.se\/#website","url":"https:\/\/strandborgholm.se\/","name":"Strand Borgholm","description":"En klassisk m\u00f6tesplats p\u00e5 \u00d6land","publisher":{"@id":"https:\/\/strandborgholm.se\/#organization"},"potentialAction":[{"@type":"SearchAction","target":{"@type":"EntryPoint","urlTemplate":"https:\/\/strandborgholm.se\/?s={search_term_string}"},"query-input":{"@type":"PropertyValueSpecification","valueRequired":true,"valueName":"search_term_string"}}],"inLanguage":"de"},{"@type":"Organization","@id":"https:\/\/strandborgholm.se\/#organization","name":"Strand Hotell Borgholm","url":"https:\/\/strandborgholm.se\/","logo":{"@type":"ImageObject","inLanguage":"de","@id":"https:\/\/strandborgholm.se\/#\/schema\/logo\/image\/","url":"","contentUrl":"","caption":"Strand Hotell Borgholm"},"image":{"@id":"https:\/\/strandborgholm.se\/#\/schema\/logo\/image\/"},"sameAs":["https:\/\/www.facebook.com\/strandhotellborgholm"]}]}},"_links":{"self":[{"href":"https:\/\/strandborgholm.se\/de\/wp-json\/wp\/v2\/pages\/20372","targetHints":{"allow":["GET"]}}],"collection":[{"href":"https:\/\/strandborgholm.se\/de\/wp-json\/wp\/v2\/pages"}],"about":[{"href":"https:\/\/strandborgholm.se\/de\/wp-json\/wp\/v2\/types\/page"}],"author":[{"embeddable":true,"href":"https:\/\/strandborgholm.se\/de\/wp-json\/wp\/v2\/users\/10"}],"replies":[{"embeddable":true,"href":"https:\/\/strandborgholm.se\/de\/wp-json\/wp\/v2\/comments?post=20372"}],"version-history":[{"count":4,"href":"https:\/\/strandborgholm.se\/de\/wp-json\/wp\/v2\/pages\/20372\/revisions"}],"predecessor-version":[{"id":20376,"href":"https:\/\/strandborgholm.se\/de\/wp-json\/wp\/v2\/pages\/20372\/revisions\/20376"}],"up":[{"embeddable":true,"href":"https:\/\/strandborgholm.se\/de\/wp-json\/wp\/v2\/pages\/18689"}],"wp:featuredmedia":[{"embeddable":true,"href":"https:\/\/strandborgholm.se\/de\/wp-json\/wp\/v2\/media\/18738"}],"wp:attachment":[{"href":"https:\/\/strandborgholm.se\/de\/wp-json\/wp\/v2\/media?parent=20372"}],"wp:term":[{"taxonomy":"page_insights","embeddable":true,"href":"https:\/\/strandborgholm.se\/de\/wp-json\/wp\/v2\/page_insights?post=20372"}],"curies":[{"name":"wp","href":"https:\/\/api.w.org\/{rel}","templated":true}]}}